{"id":18,"date":"2015-12-16T03:21:32","date_gmt":"2015-12-16T03:21:32","guid":{"rendered":"http:\/\/www.grupoprimal.com\/clientes\/auil\/?page_id=18"},"modified":"2019-03-04T12:00:26","modified_gmt":"2019-03-04T12:00:26","slug":"especialidades","status":"publish","type":"page","link":"https:\/\/www.auil.cl\/new\/especialidades\/","title":{"rendered":"Especialidades"},"content":{"rendered":"<p>[vc_row css=\u00bb.vc_custom_1454949446217{margin-top: 20px !important;margin-bottom: 20px !important;}\u00bb][vc_column width=\u00bb1\/2&#8243;][vc_column_text el_class=\u00bbtextoes\u00bb]<\/p>\n<p style=\"text-align: justify;\">\u201cQuien no vive para servir, no sirve para vivir\u201d<br \/>\nEl equipo de profesionales de Auil Odontolog\u00eda Cl\u00ednica est\u00e1 compuesto por destacados especialistas en Rehabilitaci\u00f3n y Est\u00e9tica Oral, Ortodoncia, Periodoncia, Endodoncia y Odontopediatr\u00eda entre otras. Cada uno de los profesionales que integra este equipo cuenta con cursos de postgrado y la m\u00e1s alta especializaci\u00f3n t\u00e9cnica y calidad humana.<\/p>\n<p style=\"text-align: justify;\">Todo esto ha contribuido a consolidar el liderazgo de nuestras cl\u00ednicas en Chile, manteniendo un compromiso constante con el bienestar y la salud de nuestros pacientes.<\/p>\n<p style=\"text-align: justify;\">Nuestro sistema de trabajo est\u00e1 dise\u00f1ado sobre la base de altas exigencias de calidad y satisfacci\u00f3n, rigi\u00e9ndose por las normas de la American Dental Association.<\/p>\n<p>[\/vc_column_text][vc_empty_space][vc_empty_space][\/vc_column][vc_column width=\u00bb1\/2&#8243;][vc_column_text el_class=\u00bbtextoes\u00bb]<\/p>\n<p style=\"text-align: justify;\">De esta forma no s\u00f3lo hemos logrado entregar un servicio de reconocida calidad, sino tambi\u00e9n estar a la vanguardia tecnol\u00f3gica tanto en Chile como en Latinoam\u00e9rica.<\/p>\n<p style=\"text-align: justify;\">Con el prop\u00f3sito de entregar una atenci\u00f3n de primer nivel, hemos desarrollado un sistema integrado de atenci\u00f3n dental, en el cual los tratamiento son evaluados por nuestros especialistas en reuniones cl\u00ednicas, para luego dise\u00f1ar un plan de trabajo acorde a los requerimientos personales solicitados por cada paciente.<\/p>\n<p>[\/vc_column_text][\/vc_column][\/vc_row][vc_row full_width=\u00bbstretch_row\u00bb css=\u00bb.vc_custom_1451227901321{margin-top: -50px !important;padding-top: 50px !important;padding-bottom: 50px !important;background-color: #f2f2f2 !important;}\u00bb][vc_column width=\u00bb1\/3&#8243;]\n<!-- BEGIN .imagebox -->\n<div class=\"imagebox  \">\n\t<div class=\"box-wrapper\">\n\t\t\t\t\t\n\t\t\t<div class=\"box-image\">\n\t\t\t\t<div class=\"box-header\">\n\t\t\t\t\t<h3 class=\"box-title\">\n\t\t\t\t\t\t<a href=\"https:\/\/www.auil.cl\/especialidades\/implantologia\/\" target=\"_self\">\n\t\t\t\t\t\t\tImplantolog\u00eda\t\t\t\t\t\t<\/a>\t\n\t\t\t\t\t<\/h3>\n\n\t\t\t\t\t\t\t\t\t<\/div>\n\n\t\t\t\t<img loading=\"lazy\" decoding=\"async\" width=\"435\" height=\"309\" src=\"https:\/\/www.auil.cl\/new\/wp-content\/uploads\/2015\/12\/impl.jpg\" class=\"attachment-full\" alt=\"\" srcset=\"https:\/\/www.auil.cl\/new\/wp-content\/uploads\/2015\/12\/impl.jpg 435w, https:\/\/www.auil.cl\/new\/wp-content\/uploads\/2015\/12\/impl-300x213.jpg 300w\" sizes=\"auto, (max-width: 435px) 100vw, 435px\" \/>\t\t\t<\/div>\n\n\t\t\n\t\t<div class=\"box-content\">\n\t\t\t\t\t\t\t<div class=\"box-desc\">\n\t\t\t\t\tSoluciones de vanguardia en un solo d\u00eda, para recuperar la dentadura perdida en &#8230;\t\t\t\t<\/div>\n\t\t\t\t\t\t\n\t\t\t\t\t\t\t\n\t\t\t\t<div class=\"box-button\">\n\t\t\t\t\t<a href=\"https:\/\/www.auil.cl\/especialidades\/implantologia\/\" target=\"_self\">\n\t\t\t\t\t\tLeer m\u00e1s\t\t\t\t\t<\/a>\n\t\t\t\t<\/div>\n\n\t\t\t\t\t<\/div>\n\t<\/div>\n<\/div>\n<!-- End .imagebox -->\n[vc_empty_space height=\u00bb30px\u00bb]\n<!-- BEGIN .imagebox -->\n<div class=\"imagebox  \">\n\t<div class=\"box-wrapper\">\n\t\t\t\t\t\n\t\t\t<div class=\"box-image\">\n\t\t\t\t<div class=\"box-header\">\n\t\t\t\t\t<h3 class=\"box-title\">\n\t\t\t\t\t\t<a href=\"https:\/\/www.auil.cl\/especialidades\/ortodoncia\/\" target=\"_self\">\n\t\t\t\t\t\t\tOrtodoncia\t\t\t\t\t\t<\/a>\t\n\t\t\t\t\t<\/h3>\n\n\t\t\t\t\t\t\t\t\t<\/div>\n\n\t\t\t\t<img loading=\"lazy\" decoding=\"async\" width=\"435\" height=\"309\" src=\"https:\/\/www.auil.cl\/new\/wp-content\/uploads\/2015\/12\/dasdasd.jpg\" class=\"attachment-full\" alt=\"\" srcset=\"https:\/\/www.auil.cl\/new\/wp-content\/uploads\/2015\/12\/dasdasd.jpg 435w, https:\/\/www.auil.cl\/new\/wp-content\/uploads\/2015\/12\/dasdasd-300x213.jpg 300w\" sizes=\"auto, (max-width: 435px) 100vw, 435px\" \/>\t\t\t<\/div>\n\n\t\t\n\t\t<div class=\"box-content\">\n\t\t\t\t\t\t\t<div class=\"box-desc\">\n\t\t\t\t\tPeque\u00f1as fuerzas controladas con mucha precisi\u00f3n alinean las piezas dentales en&#8230;\t\t\t\t<\/div>\n\t\t\t\t\t\t\n\t\t\t\t\t\t\t\n\t\t\t\t<div class=\"box-button\">\n\t\t\t\t\t<a href=\"https:\/\/www.auil.cl\/especialidades\/ortodoncia\/\" target=\"_self\">\n\t\t\t\t\t\tLeer m\u00e1s\t\t\t\t\t<\/a>\n\t\t\t\t<\/div>\n\n\t\t\t\t\t<\/div>\n\t<\/div>\n<\/div>\n<!-- End .imagebox -->\n[\/vc_column][vc_column width=\u00bb1\/3&#8243;]\n<!-- BEGIN .imagebox -->\n<div class=\"imagebox  \">\n\t<div class=\"box-wrapper\">\n\t\t\t\t\t\n\t\t\t<div class=\"box-image\">\n\t\t\t\t<div class=\"box-header\">\n\t\t\t\t\t<h3 class=\"box-title\">\n\t\t\t\t\t\t<a href=\"https:\/\/www.auil.cl\/especialidades\/periodoncia\/\" target=\"_self\">\n\t\t\t\t\t\t\tPeriodoncia\t\t\t\t\t\t<\/a>\t\n\t\t\t\t\t<\/h3>\n\n\t\t\t\t\t\t\t\t\t<\/div>\n\n\t\t\t\t<img loading=\"lazy\" decoding=\"async\" width=\"435\" height=\"309\" src=\"https:\/\/www.auil.cl\/new\/wp-content\/uploads\/2015\/12\/peri.jpg\" class=\"attachment-full\" alt=\"\" srcset=\"https:\/\/www.auil.cl\/new\/wp-content\/uploads\/2015\/12\/peri.jpg 435w, https:\/\/www.auil.cl\/new\/wp-content\/uploads\/2015\/12\/peri-300x213.jpg 300w\" sizes=\"auto, (max-width: 435px) 100vw, 435px\" \/>\t\t\t<\/div>\n\n\t\t\n\t\t<div class=\"box-content\">\n\t\t\t\t\t\t\t<div class=\"box-desc\">\n\t\t\t\t\tSus enc\u00edas merecen un cuidado profesional de excelencia para prevenir, &#8230;\t\t\t\t<\/div>\n\t\t\t\t\t\t\n\t\t\t\t\t\t\t\n\t\t\t\t<div class=\"box-button\">\n\t\t\t\t\t<a href=\"https:\/\/www.auil.cl\/especialidades\/periodoncia\/\" target=\"_self\">\n\t\t\t\t\t\tLeer m\u00e1s\t\t\t\t\t<\/a>\n\t\t\t\t<\/div>\n\n\t\t\t\t\t<\/div>\n\t<\/div>\n<\/div>\n<!-- End .imagebox -->\n[vc_empty_space height=\u00bb30px\u00bb]\n<!-- BEGIN .imagebox -->\n<div class=\"imagebox  \">\n\t<div class=\"box-wrapper\">\n\t\t\t\t\t\n\t\t\t<div class=\"box-image\">\n\t\t\t\t<div class=\"box-header\">\n\t\t\t\t\t<h3 class=\"box-title\">\n\t\t\t\t\t\t<a href=\"https:\/\/www.auil.cl\/especialidades\/odontopediatria\/\" target=\"_self\">\n\t\t\t\t\t\t\tOdontopediatr\u00eda\t\t\t\t\t\t<\/a>\t\n\t\t\t\t\t<\/h3>\n\n\t\t\t\t\t\t\t\t\t<\/div>\n\n\t\t\t\t<img loading=\"lazy\" decoding=\"async\" class=\"\" src=\"https:\/\/www.auil.cl\/new\/wp-content\/uploads\/2015\/12\/1-3.jpg\" width=\"279\" height=\"198\" alt=\"1\" title=\"1\" \/>\t\t\t<\/div>\n\n\t\t\n\t\t<div class=\"box-content\">\n\t\t\t\t\t\t\t<div class=\"box-desc\">\n\t\t\t\t\tSabemos qu\u00e9 diferente podr\u00eda ser la percepci\u00f3n de su dentista si nunca hubiese sufrido&#8230;\t\t\t\t<\/div>\n\t\t\t\t\t\t\n\t\t\t\t\t\t\t\n\t\t\t\t<div class=\"box-button\">\n\t\t\t\t\t<a href=\"https:\/\/www.auil.cl\/especialidades\/odontopediatria\/\" target=\"_self\">\n\t\t\t\t\t\tLeer m\u00e1s\t\t\t\t\t<\/a>\n\t\t\t\t<\/div>\n\n\t\t\t\t\t<\/div>\n\t<\/div>\n<\/div>\n<!-- End .imagebox -->\n[\/vc_column][vc_column width=\u00bb1\/3&#8243;]\n<!-- BEGIN .imagebox -->\n<div class=\"imagebox  \">\n\t<div class=\"box-wrapper\">\n\t\t\t\t\t\n\t\t\t<div class=\"box-image\">\n\t\t\t\t<div class=\"box-header\">\n\t\t\t\t\t<h3 class=\"box-title\">\n\t\t\t\t\t\t<a href=\"https:\/\/www.auil.cl\/especialidades\/rehabilitacion\/\" target=\"_self\">\n\t\t\t\t\t\t\tEst\u00e9tica y Rehabilitaci\u00f3n\t\t\t\t\t\t<\/a>\t\n\t\t\t\t\t<\/h3>\n\n\t\t\t\t\t\t\t\t\t<\/div>\n\n\t\t\t\t<img loading=\"lazy\" decoding=\"async\" width=\"435\" height=\"309\" src=\"https:\/\/www.auil.cl\/new\/wp-content\/uploads\/2015\/12\/aaaaaaaa.jpg\" class=\"attachment-full\" alt=\"\" srcset=\"https:\/\/www.auil.cl\/new\/wp-content\/uploads\/2015\/12\/aaaaaaaa.jpg 435w, https:\/\/www.auil.cl\/new\/wp-content\/uploads\/2015\/12\/aaaaaaaa-300x213.jpg 300w\" sizes=\"auto, (max-width: 435px) 100vw, 435px\" \/>\t\t\t<\/div>\n\n\t\t\n\t\t<div class=\"box-content\">\n\t\t\t\t\t\t\t<div class=\"box-desc\">\n\t\t\t\t\tSoluciones de avanzada para mejorar funci\u00f3n y apariencia de estructuras dentarias da\u00f1adas&#8230;\t\t\t\t<\/div>\n\t\t\t\t\t\t\n\t\t\t\t\t\t\t\n\t\t\t\t<div class=\"box-button\">\n\t\t\t\t\t<a href=\"https:\/\/www.auil.cl\/especialidades\/rehabilitacion\/\" target=\"_self\">\n\t\t\t\t\t\tLeer m\u00e1s\t\t\t\t\t<\/a>\n\t\t\t\t<\/div>\n\n\t\t\t\t\t<\/div>\n\t<\/div>\n<\/div>\n<!-- End .imagebox -->\n[vc_empty_space height=\u00bb30px\u00bb]\n<!-- BEGIN .imagebox -->\n<div class=\"imagebox  \">\n\t<div class=\"box-wrapper\">\n\t\t\t\t\t\n\t\t\t<div class=\"box-image\">\n\t\t\t\t<div class=\"box-header\">\n\t\t\t\t\t<h3 class=\"box-title\">\n\t\t\t\t\t\t<a href=\"https:\/\/www.auil.cl\/especialidades\/endodoncia\/\" target=\"_self\">\n\t\t\t\t\t\t\tEndodoncia\t\t\t\t\t\t<\/a>\t\n\t\t\t\t\t<\/h3>\n\n\t\t\t\t\t\t\t\t\t<\/div>\n\n\t\t\t\t<img loading=\"lazy\" decoding=\"async\" width=\"435\" height=\"309\" src=\"https:\/\/www.auil.cl\/new\/wp-content\/uploads\/2015\/12\/aaaaqsqw.jpg\" class=\"attachment-full\" alt=\"\" srcset=\"https:\/\/www.auil.cl\/new\/wp-content\/uploads\/2015\/12\/aaaaqsqw.jpg 435w, https:\/\/www.auil.cl\/new\/wp-content\/uploads\/2015\/12\/aaaaqsqw-300x213.jpg 300w\" sizes=\"auto, (max-width: 435px) 100vw, 435px\" \/>\t\t\t<\/div>\n\n\t\t\n\t\t<div class=\"box-content\">\n\t\t\t\t\t\t\t<div class=\"box-desc\">\n\t\t\t\t\tApoyados por im\u00e1genes digitales de diagn\u00f3stico, aseguramos excelentes postoperatorios, &#8230;\t\t\t\t<\/div>\n\t\t\t\t\t\t\n\t\t\t\t\t\t\t\n\t\t\t\t<div class=\"box-button\">\n\t\t\t\t\t<a href=\"https:\/\/www.auil.cl\/especialidades\/endodoncia\/\" target=\"_self\">\n\t\t\t\t\t\tLeer m\u00e1s\t\t\t\t\t<\/a>\n\t\t\t\t<\/div>\n\n\t\t\t\t\t<\/div>\n\t<\/div>\n<\/div>\n<!-- End .imagebox -->\n[\/vc_column][\/vc_row]<\/p>\n","protected":false},"excerpt":{"rendered":"<p>[vc_row css=\u00bb.vc_custom_1454949446217{margin-top: 20px !important;margin-bottom: 20px !important;}\u00bb][vc_column width=\u00bb1\/2&#8243;][vc_column_text el_class=\u00bbtextoes\u00bb] \u201cQuien no vive para servir, no sirve para vivir\u201d El equipo de profesionales de Auil Odontolog\u00eda Cl\u00ednica est\u00e1 compuesto por destacados especialistas en Rehabilitaci\u00f3n y Est\u00e9tica Oral, Ortodoncia, Periodoncia, Endodoncia y Odontopediatr\u00eda entre otras. Cada uno de los profesionales que integra este equipo cuenta con cursos de [&hellip;]<\/p>\n","protected":false},"author":3,"featured_media":0,"parent":0,"menu_order":0,"comment_status":"closed","ping_status":"closed","template":"","meta":{"om_disable_all_campaigns":false,"_monsterinsights_skip_tracking":false,"_monsterinsights_sitenote_active":false,"_monsterinsights_sitenote_note":"","_monsterinsights_sitenote_category":0,"footnotes":""},"class_list":["post-18","page","type-page","status-publish","hentry","no-post-thumbnail"],"_links":{"self":[{"href":"https:\/\/www.auil.cl\/new\/wp-json\/wp\/v2\/pages\/18","targetHints":{"allow":["GET"]}}],"collection":[{"href":"https:\/\/www.auil.cl\/new\/wp-json\/wp\/v2\/pages"}],"about":[{"href":"https:\/\/www.auil.cl\/new\/wp-json\/wp\/v2\/types\/page"}],"author":[{"embeddable":true,"href":"https:\/\/www.auil.cl\/new\/wp-json\/wp\/v2\/users\/3"}],"replies":[{"embeddable":true,"href":"https:\/\/www.auil.cl\/new\/wp-json\/wp\/v2\/comments?post=18"}],"version-history":[{"count":21,"href":"https:\/\/www.auil.cl\/new\/wp-json\/wp\/v2\/pages\/18\/revisions"}],"predecessor-version":[{"id":1194,"href":"https:\/\/www.auil.cl\/new\/wp-json\/wp\/v2\/pages\/18\/revisions\/1194"}],"wp:attachment":[{"href":"https:\/\/www.auil.cl\/new\/wp-json\/wp\/v2\/media?parent=18"}],"curies":[{"name":"wp","href":"https:\/\/api.w.org\/{rel}","templated":true}]}}