{"id":2,"date":"2015-12-15T10:05:07","date_gmt":"2015-12-15T10:05:07","guid":{"rendered":"http:\/\/www.grupoprimal.com\/clientes\/auil\/?page_id=2"},"modified":"2025-11-28T15:09:18","modified_gmt":"2025-11-28T15:09:18","slug":"home","status":"publish","type":"page","link":"https:\/\/www.auil.cl\/new\/","title":{"rendered":"Home"},"content":{"rendered":"<p>[vc_row el_class=\u00bbbannerprimero\u00bb][vc_column width=\u00bb2\/3&#8243;][\/vc_column][vc_column width=\u00bb1\/3&#8243; el_class=\u00bbderecha\u00bb][vc_single_image image=\u00bb991&#8243; img_size=\u00bbfull\u00bb][vc_empty_space height=\u00bb20px\u00bb][vc_single_image image=\u00bb992&#8243; img_size=\u00bbfull\u00bb][\/vc_column][\/vc_row][vc_row][vc_column][vc_empty_space][vc_row_inner][vc_column_inner width=\u00bb1\/4&#8243;][vc_column_text el_class=\u00bbFRA\u00bb]<\/p>\n<p style=\"text-align: center;\">Bioseguridad<\/p>\n<p>[\/vc_column_text][\/vc_column_inner][vc_column_inner width=\u00bb1\/4&#8243;][vc_column_text el_class=\u00bbFRA\u00bb]<\/p>\n<p style=\"text-align: center;\">Puntualidad y respeto por su tiempo<\/p>\n<p>[\/vc_column_text][\/vc_column_inner][vc_column_inner width=\u00bb1\/4&#8243;][vc_column_text el_class=\u00bbFRA\u00bb]<\/p>\n<p style=\"text-align: center;\">M\u00ednima duraci\u00f3n de tratamiento<\/p>\n<p>[\/vc_column_text][\/vc_column_inner][vc_column_inner width=\u00bb1\/4&#8243;][vc_column_text el_class=\u00bbFRA\u00bb]<\/p>\n<p style=\"text-align: center;\">Apariencia Est\u00e9tica<\/p>\n<p>[\/vc_column_text][\/vc_column_inner][\/vc_row_inner][\/vc_column][\/vc_row][vc_row full_width=\u00bbstretch_row\u00bb css=\u00bb.vc_custom_1525814344160{margin-top: 20px !important;padding-top: 0px !important;padding-bottom: 0px !important;background-color: #f5f5f7 !important;background-position: center !important;background-repeat: no-repeat !important;background-size: contain !important;}\u00bb el_class=\u00bbarrow\u00bb][vc_column width=\u00bb1\/3&#8243; css=\u00bb.vc_custom_1455200411614{background-color: rgba(0,0,0,0.01) !important;*background-color: rgb(0,0,0) !important;}\u00bb][\/vc_column][vc_column width=\u00bb1\/3&#8243; css=\u00bb.vc_custom_1461591147912{margin-top: 20px !important;}\u00bb][vc_empty_space height=\u00bb5px\u00bb][vc_empty_space height=\u00bb20px\u00bb][vc_column_text css=\u00bb.vc_custom_1455211957058{background-color: rgba(255,255,255,0.01) !important;*background-color: rgb(255,255,255) !important;}\u00bb]<\/p>\n<h4 style=\"text-align: center; margin-top: 0px; padding-top: 0px; margin-bottom: 0px;\">Servicios y Especialidades<\/h4>\n<p style=\"text-align: center;\">Conoce todas nuestras especialidades<\/p>\n<p>[\/vc_column_text][vc_empty_space height=\u00bb20px\u00bb][vc_empty_space height=\u00bb5px\u00bb][\/vc_column][vc_column width=\u00bb1\/3&#8243;][vc_empty_space height=\u00bb20px\u00bb][vc_empty_space height=\u00bb20px\u00bb][\/vc_column][\/vc_row][vc_row full_width=\u00bbstretch_row\u00bb css=\u00bb.vc_custom_1455200166385{padding-top: 40px !important;padding-bottom: 40px !important;background-color: #00bfba !important;background-position: 0 0 !important;background-repeat: repeat !important;}\u00bb el_class=\u00bbbox-dark\u00bb][vc_column][vc_row_inner][vc_column_inner el_class=\u00bbeshome\u00bb width=\u00bb1\/6&#8243;][vc_empty_space height=\u00bb10px\u00bb][vc_single_image image=\u00bb877&#8243; alignment=\u00bbcenter\u00bb style=\u00bbvc_box_border_circle_2&#8243; border_color=\u00bbwhite\u00bb onclick=\u00bbcustom_link\u00bb link=\u00bbhttps:\/\/www.auil.cl\/new\/especialidades\/ortodoncia\/\u00bb el_class=\u00bbimges \u00ab][vc_empty_space height=\u00bb10px\u00bb][vc_custom_heading text=\u00bbOrtodoncia\u00bb font_container=\u00bbtag:h5|text_align:center|color:%230a0a0a\u00bb google_fonts=\u00bbfont_family:Playfair%20Display%3Aregular%2Citalic%2C700%2C700italic%2C900%2C900italic|font_style:400%20regular%3A400%3Anormal\u00bb link=\u00bburl:http%3A%2F%2Fwww.auil.cl%2Fclientes%2Fauil%2Fespecialidades%2Fortodoncia%2F||\u00bb][\/vc_column_inner][vc_column_inner el_class=\u00bbeshome\u00bb width=\u00bb1\/6&#8243;][vc_empty_space height=\u00bb10px\u00bb][vc_single_image image=\u00bb861&#8243; add_caption=\u00bbyes\u00bb alignment=\u00bbcenter\u00bb style=\u00bbvc_box_border_circle_2&#8243; border_color=\u00bbwhite\u00bb onclick=\u00bbcustom_link\u00bb link=\u00bbhttps:\/\/www.auil.cl\/new\/especialidades\/implantologia\/\u00bb el_class=\u00bbimges\u00bb][vc_empty_space height=\u00bb10px\u00bb][vc_custom_heading text=\u00bbImplantolog\u00eda\u00bb font_container=\u00bbtag:h5|text_align:center|color:%230a0a0a\u00bb google_fonts=\u00bbfont_family:Playfair%20Display%3Aregular%2Citalic%2C700%2C700italic%2C900%2C900italic|font_style:400%20regular%3A400%3Anormal\u00bb link=\u00bburl:http%3A%2F%2Fwww.auil.cl%2Fclientes%2Fauil%2Fespecialidades%2Fimplantologia%2F||\u00bb][\/vc_column_inner][vc_column_inner el_class=\u00bbeshome\u00bb width=\u00bb1\/6&#8243;][vc_empty_space height=\u00bb10px\u00bb][vc_single_image image=\u00bb871&#8243; alignment=\u00bbcenter\u00bb style=\u00bbvc_box_border_circle_2&#8243; border_color=\u00bbwhite\u00bb onclick=\u00bbcustom_link\u00bb link=\u00bbhttps:\/\/www.auil.cl\/new\/especialidades\/rehabilitacion\/\u00bb el_class=\u00bbimges\u00bb][vc_empty_space height=\u00bb10px\u00bb][vc_custom_heading text=\u00bbEst\u00e9tica y Rehabilitaci\u00f3n\u00bb font_container=\u00bbtag:h5|text_align:center|color:%230a0a0a\u00bb google_fonts=\u00bbfont_family:Playfair%20Display%3Aregular%2Citalic%2C700%2C700italic%2C900%2C900italic|font_style:400%20regular%3A400%3Anormal\u00bb link=\u00bburl:http%3A%2F%2Fwww.auil.cl%2Fclientes%2Fauil%2Fespecialidades%2Frehabilitacion%2F||\u00bb][\/vc_column_inner][vc_column_inner el_class=\u00bbeshome\u00bb width=\u00bb1\/6&#8243;][vc_empty_space height=\u00bb10px\u00bb][vc_single_image image=\u00bb1051&#8243; alignment=\u00bbcenter\u00bb style=\u00bbvc_box_border_circle_2&#8243; border_color=\u00bbwhite\u00bb onclick=\u00bbcustom_link\u00bb el_class=\u00bbimges\u00bb link=\u00bbhttps:\/\/www.auil.cl\/new\/especialidades\/odontopediatria\/\u00bb][vc_empty_space height=\u00bb10px\u00bb][vc_custom_heading text=\u00bbOdontopediatr\u00eda\u00bb font_container=\u00bbtag:h5|text_align:center|color:%230a0a0a\u00bb google_fonts=\u00bbfont_family:Playfair%20Display%3Aregular%2Citalic%2C700%2C700italic%2C900%2C900italic|font_style:400%20regular%3A400%3Anormal\u00bb link=\u00bburl:http%3A%2F%2Fwww.auil.cl%2Fclientes%2Fauil%2Fespecialidades%2Fodontopediatria%2F||\u00bb][\/vc_column_inner][vc_column_inner el_class=\u00bbeshome\u00bb width=\u00bb1\/6&#8243;][vc_empty_space height=\u00bb10px\u00bb][vc_single_image image=\u00bb866&#8243; alignment=\u00bbcenter\u00bb style=\u00bbvc_box_border_circle_2&#8243; border_color=\u00bbwhite\u00bb onclick=\u00bbcustom_link\u00bb link=\u00bbhttps:\/\/www.auil.cl\/new\/especialidades\/periodoncia\/\u00bb el_class=\u00bbimges\u00bb][vc_empty_space height=\u00bb10px\u00bb][vc_custom_heading text=\u00bbPeriodoncia\u00bb font_container=\u00bbtag:h5|text_align:center|color:%230a0a0a\u00bb google_fonts=\u00bbfont_family:Playfair%20Display%3Aregular%2Citalic%2C700%2C700italic%2C900%2C900italic|font_style:400%20regular%3A400%3Anormal\u00bb link=\u00bburl:http%3A%2F%2Fwww.auil.cl%2Fclientes%2Fauil%2Fespecialidades%2Fperiodoncia%2F||\u00bb][\/vc_column_inner][vc_column_inner el_class=\u00bbeshome\u00bb width=\u00bb1\/6&#8243;][vc_empty_space height=\u00bb10px\u00bb][vc_single_image image=\u00bb881&#8243; alignment=\u00bbcenter\u00bb style=\u00bbvc_box_border_circle_2&#8243; border_color=\u00bbwhite\u00bb onclick=\u00bbcustom_link\u00bb link=\u00bbhttps:\/\/www.auil.cl\/new\/especialidades\/endodoncia\/\u00bb el_class=\u00bbimges\u00bb][vc_empty_space height=\u00bb10px\u00bb][vc_custom_heading text=\u00bbEndodoncia\u00bb font_container=\u00bbtag:h5|text_align:center|color:%230a0a0a\u00bb google_fonts=\u00bbfont_family:Playfair%20Display%3Aregular%2Citalic%2C700%2C700italic%2C900%2C900italic|font_style:400%20regular%3A400%3Anormal\u00bb link=\u00bburl:http%3A%2F%2Fwww.auil.cl%2Fclientes%2Fauil%2Fespecialidades%2Fendodoncia%2F||\u00bb][\/vc_column_inner][\/vc_row_inner][\/vc_column][\/vc_row][vc_row el_class=\u00bboooo\u00bb][vc_column css=\u00bb.vc_custom_1456860601890{margin-top: 28px !important;border-right-width: 1px !important;border-right-color: #dddddd !important;border-right-style: solid !important;}\u00bb el_class=\u00bboooo2&#8243;][vc_column_text el_class=\u00bbbox-services\u00bb]<\/p>\n<h3 style=\"text-align: center; margin-top: 0px; padding-top: 0px;\"><a href=\"https:\/\/www.auil.cl\/noticias\/\">Televisi\u00f3n y Prensa<\/a><\/h3>\n<table style=\"padding-top: 0px; padding-bottom: 0px;\" border=\"0\" width=\"800\" cellspacing=\"0\" cellpadding=\"0\" align=\"center\" bgcolor=\"#FFFFFF\">\n<tbody>\n<tr>\n<td style=\"text-align: center; background: transparent; padding-top: 0px; padding-bottom: 0px;\" colspan=\"0\" valign=\"top\" width=\"800\">Cl\u00ednica Auil ha sido invitada a participar de m\u00faltiples entrevistas, reportajes y filmaciones por el alto nivel de especializaci\u00f3n de sus profesionales y por mantenerse a la vanguardia tecnol\u00f3gica.<\/td>\n<\/tr>\n<\/tbody>\n<\/table>\n<p>[\/vc_column_text][vc_btn title=\u00bbVER\u00bb style=\u00bboutline\u00bb color=\u00bbturquoise\u00bb size=\u00bbsm\u00bb align=\u00bbcenter\u00bb link=\u00bburl:https%3A%2F%2Fwww.auil.cl%2Fnew%2Fnoticias%2F||\u00bb][vc_empty_space height=\u00bb20px\u00bb][\/vc_column][\/vc_row][vc_row full_width=\u00bbstretch_row\u00bb css=\u00bb.vc_custom_1450860164127{padding-top: 50px !important;padding-bottom: 50px !important;background-color: #f5f5f5 !important;}\u00bb el_class=\u00bbarrow\u00bb][vc_column width=\u00bb1\/3&#8243;][vc_column_text]<\/p>\n<div style=\"width: 640px;\" class=\"wp-video\"><!--[if lt IE 9]><script>document.createElement('video');<\/script><![endif]-->\n<video class=\"wp-video-shortcode\" id=\"video-2-1\" width=\"640\" height=\"360\" preload=\"metadata\" controls=\"controls\"><source type=\"video\/mp4\" src=\"https:\/\/www.auil.cl\/new\/wp-content\/uploads\/2018\/05\/AAAVideo1.mp4?_=1\" \/><a href=\"https:\/\/www.auil.cl\/new\/wp-content\/uploads\/2018\/05\/AAAVideo1.mp4\">https:\/\/www.auil.cl\/new\/wp-content\/uploads\/2018\/05\/AAAVideo1.mp4<\/a><\/video><\/div>\n<p>[\/vc_column_text][\/vc_column][vc_column width=\u00bb1\/3&#8243;][vc_column_text]<\/p>\n<div style=\"width: 640px;\" class=\"wp-video\"><video class=\"wp-video-shortcode\" id=\"video-2-2\" width=\"640\" height=\"360\" preload=\"metadata\" controls=\"controls\"><source type=\"video\/mp4\" src=\"https:\/\/www.auil.cl\/new\/wp-content\/uploads\/2018\/05\/AAAVideo2.mp4?_=2\" \/><a href=\"https:\/\/www.auil.cl\/new\/wp-content\/uploads\/2018\/05\/AAAVideo2.mp4\">https:\/\/www.auil.cl\/new\/wp-content\/uploads\/2018\/05\/AAAVideo2.mp4<\/a><\/video><\/div>\n<p>[\/vc_column_text][\/vc_column][vc_column width=\u00bb1\/3&#8243;][vc_column_text]<\/p>\n<div style=\"width: 640px;\" class=\"wp-video\"><video class=\"wp-video-shortcode\" id=\"video-2-3\" width=\"640\" height=\"360\" preload=\"metadata\" controls=\"controls\"><source type=\"video\/mp4\" src=\"https:\/\/www.auil.cl\/new\/wp-content\/uploads\/2018\/05\/AAAVideo3.mp4?_=3\" \/><a href=\"https:\/\/www.auil.cl\/new\/wp-content\/uploads\/2018\/05\/AAAVideo3.mp4\">https:\/\/www.auil.cl\/new\/wp-content\/uploads\/2018\/05\/AAAVideo3.mp4<\/a><\/video><\/div>\n<p>[\/vc_column_text][\/vc_column][\/vc_row]<\/p>\n\n\n<div style=\"text-align:center; margin-top:20px;\">\n\n    <div style=\"display:inline-block; margin-bottom:15px;\">\n <a href=\"https:\/\/www.webpay.cl\/company\/173221\" target=\"_blank\">\n        <h3 style=\"color:white; background:#333; padding:8px 20px; border-radius:6px; margin:0;\">\n            Zona de Pago\n        <\/h3>\n    <\/div>\n\n    <div style=\"margin-top:15px;\">\n        <a href=\"https:\/\/www.webpay.cl\/company\/173221\" target=\"_blank\">\n            <img decoding=\"async\" src=\"https:\/\/publico.transbank.cl\/documents\/20129\/51192944\/webpay-logo-calado-3.jpg\"\n                 alt=\"Pagar con WebPay\"\n                 style=\"width:180px;\">\n        <\/a>\n    <\/div>\n\n<\/div>\n","protected":false},"excerpt":{"rendered":"<p>[vc_row el_class=\u00bbbannerprimero\u00bb][vc_column width=\u00bb2\/3&#8243;][\/vc_column][vc_column width=\u00bb1\/3&#8243; el_class=\u00bbderecha\u00bb][vc_single_image image=\u00bb991&#8243; img_size=\u00bbfull\u00bb][vc_empty_space height=\u00bb20px\u00bb][vc_single_image image=\u00bb992&#8243; img_size=\u00bbfull\u00bb][\/vc_column][\/vc_row][vc_row][vc_column][vc_empty_space][vc_row_inner][vc_column_inner width=\u00bb1\/4&#8243;][vc_column_text el_class=\u00bbFRA\u00bb] Bioseguridad [\/vc_column_text][\/vc_column_inner][vc_column_inner width=\u00bb1\/4&#8243;][vc_column_text el_class=\u00bbFRA\u00bb] Puntualidad y respeto por su tiempo [\/vc_column_text][\/vc_column_inner][vc_column_inner width=\u00bb1\/4&#8243;][vc_column_text el_class=\u00bbFRA\u00bb] M\u00ednima duraci\u00f3n de tratamiento [\/vc_column_text][\/vc_column_inner][vc_column_inner width=\u00bb1\/4&#8243;][vc_column_text el_class=\u00bbFRA\u00bb] Apariencia Est\u00e9tica [\/vc_column_text][\/vc_column_inner][\/vc_row_inner][\/vc_column][\/vc_row][vc_row full_width=\u00bbstretch_row\u00bb css=\u00bb.vc_custom_1525814344160{margin-top: 20px !important;padding-top: 0px !important;padding-bottom: 0px !important;background-color: #f5f5f7 !important;background-position: center !important;background-repeat: no-repeat !important;background-size: contain !important;}\u00bb el_class=\u00bbarrow\u00bb][vc_column width=\u00bb1\/3&#8243; css=\u00bb.vc_custom_1455200411614{background-color: rgba(0,0,0,0.01) [&hellip;]<\/p>\n","protected":false},"author":3,"featured_media":0,"parent":0,"menu_order":0,"comment_status":"closed","ping_status":"open","template":"","meta":{"om_disable_all_campaigns":false,"_monsterinsights_skip_tracking":false,"_monsterinsights_sitenote_active":false,"_monsterinsights_sitenote_note":"","_monsterinsights_sitenote_category":0,"footnotes":""},"class_list":["post-2","page","type-page","status-publish","hentry","no-post-thumbnail"],"_links":{"self":[{"href":"https:\/\/www.auil.cl\/new\/wp-json\/wp\/v2\/pages\/2","targetHints":{"allow":["GET"]}}],"collection":[{"href":"https:\/\/www.auil.cl\/new\/wp-json\/wp\/v2\/pages"}],"about":[{"href":"https:\/\/www.auil.cl\/new\/wp-json\/wp\/v2\/types\/page"}],"author":[{"embeddable":true,"href":"https:\/\/www.auil.cl\/new\/wp-json\/wp\/v2\/users\/3"}],"replies":[{"embeddable":true,"href":"https:\/\/www.auil.cl\/new\/wp-json\/wp\/v2\/comments?post=2"}],"version-history":[{"count":148,"href":"https:\/\/www.auil.cl\/new\/wp-json\/wp\/v2\/pages\/2\/revisions"}],"predecessor-version":[{"id":1316,"href":"https:\/\/www.auil.cl\/new\/wp-json\/wp\/v2\/pages\/2\/revisions\/1316"}],"wp:attachment":[{"href":"https:\/\/www.auil.cl\/new\/wp-json\/wp\/v2\/media?parent=2"}],"curies":[{"name":"wp","href":"https:\/\/api.w.org\/{rel}","templated":true}]}}