{"id":20,"date":"2015-12-16T03:21:42","date_gmt":"2015-12-16T03:21:42","guid":{"rendered":"http:\/\/www.grupoprimal.com\/clientes\/auil\/?page_id=20"},"modified":"2019-03-04T12:01:50","modified_gmt":"2019-03-04T12:01:50","slug":"nosotros","status":"publish","type":"page","link":"https:\/\/www.auil.cl\/new\/nosotros\/","title":{"rendered":"Nosotros"},"content":{"rendered":"<p>[vc_row][vc_column width=\u00bb1\/2&#8243;][vc_single_image image=\u00bb1046&#8243; img_size=\u00bbfull\u00bb alignment=\u00bbcenter\u00bb][vc_empty_space height=\u00bb30px\u00bb][vc_single_image image=\u00bb1047&#8243; img_size=\u00bbfull\u00bb alignment=\u00bbcenter\u00bb][vc_empty_space height=\u00bb30px\u00bb][vc_single_image image=\u00bb1063&#8243; img_size=\u00bbfull\u00bb alignment=\u00bbcenter\u00bb][vc_empty_space height=\u00bb30px\u00bb][vc_gallery type=\u00bbflexslider_slide\u00bb interval=\u00bb3&#8243; images=\u00bb843,844,842,978,979,980&#8243; img_size=\u00bbfull\u00bb onclick=\u00bb\u00bb][\/vc_column][vc_column width=\u00bb1\/2&#8243;][vc_column_text css=\u00bb.vc_custom_1551700894739{padding-top: 50px !important;padding-right: 50px !important;padding-bottom: 50px !important;padding-left: 50px !important;background-color: #f2f2f2 !important;}\u00bb]<\/p>\n<h5 style=\"margin-top: 0px; line-height: 1.8; text-align: justify;\">El equipo profesional est\u00e1 encabezado por el Dr. Jos\u00e9 A. Auil Petermann, Director de Auil Odontolog\u00eda Cl\u00ednica. Cirujano-Dentista graduado de la Universidad de Chile, cuenta con 28 a\u00f1os de experiencia cl\u00ednica y estudios de postgrado en distintas \u00e1reas de la odontolog\u00eda.<\/h5>\n<p style=\"text-align: justify;\"><strong>\u00abLo importante no somos nosotros, lo importante es Ud.\u00bb<\/strong><\/p>\n<p style=\"text-align: justify;\">Su curriculum contiene m\u00e1s de 150 cursos y seminarios de perfeccionamiento tanto en Chile como en el extranjero, con \u00e9nfasis en Periodoncia, Est\u00e9tica e Implantes. Es especialista certificado por la Corporaci\u00f3n Nacional de Certificaci\u00f3n de Especialidades Odontol\u00f3gicas (C.O.N.A.C.E.O.).<\/p>\n<p style=\"text-align: justify;\">El Dr. Auil adem\u00e1s se ha desempe\u00f1ado en el \u00e1rea acad\u00e9mica, alcanzando el grado de Profesor universitario y expositor internacional (Chile, Argentina, Per\u00fa, Panam\u00e1, Colombia y Estados Unidos) compartiendo su experiencia con m\u00e1s de 10.000 personas.<\/p>\n<p>[\/vc_column_text][\/vc_column][\/vc_row][vc_row][vc_column][vc_empty_space height=\u00bb30px\u00bb][\/vc_column][\/vc_row]<\/p>\n","protected":false},"excerpt":{"rendered":"<p>[vc_row][vc_column width=\u00bb1\/2&#8243;][vc_single_image image=\u00bb1046&#8243; img_size=\u00bbfull\u00bb alignment=\u00bbcenter\u00bb][vc_empty_space height=\u00bb30px\u00bb][vc_single_image image=\u00bb1047&#8243; img_size=\u00bbfull\u00bb alignment=\u00bbcenter\u00bb][vc_empty_space height=\u00bb30px\u00bb][vc_single_image image=\u00bb1063&#8243; img_size=\u00bbfull\u00bb alignment=\u00bbcenter\u00bb][vc_empty_space height=\u00bb30px\u00bb][vc_gallery type=\u00bbflexslider_slide\u00bb interval=\u00bb3&#8243; images=\u00bb843,844,842,978,979,980&#8243; img_size=\u00bbfull\u00bb onclick=\u00bb\u00bb][\/vc_column][vc_column width=\u00bb1\/2&#8243;][vc_column_text css=\u00bb.vc_custom_1551700894739{padding-top: 50px !important;padding-right: 50px !important;padding-bottom: 50px !important;padding-left: 50px !important;background-color: #f2f2f2 !important;}\u00bb] El equipo profesional est\u00e1 encabezado por el Dr. Jos\u00e9 A. Auil Petermann, Director de Auil Odontolog\u00eda Cl\u00ednica. Cirujano-Dentista graduado de la Universidad de Chile, [&hellip;]<\/p>\n","protected":false},"author":3,"featured_media":0,"parent":0,"menu_order":0,"comment_status":"closed","ping_status":"closed","template":"","meta":{"om_disable_all_campaigns":false,"_monsterinsights_skip_tracking":false,"_monsterinsights_sitenote_active":false,"_monsterinsights_sitenote_note":"","_monsterinsights_sitenote_category":0,"footnotes":""},"class_list":["post-20","page","type-page","status-publish","hentry","no-post-thumbnail"],"_links":{"self":[{"href":"https:\/\/www.auil.cl\/new\/wp-json\/wp\/v2\/pages\/20","targetHints":{"allow":["GET"]}}],"collection":[{"href":"https:\/\/www.auil.cl\/new\/wp-json\/wp\/v2\/pages"}],"about":[{"href":"https:\/\/www.auil.cl\/new\/wp-json\/wp\/v2\/types\/page"}],"author":[{"embeddable":true,"href":"https:\/\/www.auil.cl\/new\/wp-json\/wp\/v2\/users\/3"}],"replies":[{"embeddable":true,"href":"https:\/\/www.auil.cl\/new\/wp-json\/wp\/v2\/comments?post=20"}],"version-history":[{"count":20,"href":"https:\/\/www.auil.cl\/new\/wp-json\/wp\/v2\/pages\/20\/revisions"}],"predecessor-version":[{"id":1195,"href":"https:\/\/www.auil.cl\/new\/wp-json\/wp\/v2\/pages\/20\/revisions\/1195"}],"wp:attachment":[{"href":"https:\/\/www.auil.cl\/new\/wp-json\/wp\/v2\/media?parent=20"}],"curies":[{"name":"wp","href":"https:\/\/api.w.org\/{rel}","templated":true}]}}