{"id":251,"date":"2015-12-23T12:54:38","date_gmt":"2015-12-23T12:54:38","guid":{"rendered":"http:\/\/www.grupoprimal.com\/clientes\/auil\/?page_id=251"},"modified":"2019-02-28T22:06:34","modified_gmt":"2019-02-28T22:06:34","slug":"rehabilitacion","status":"publish","type":"page","link":"https:\/\/www.auil.cl\/new\/especialidades\/rehabilitacion\/","title":{"rendered":"Rehabilitaci\u00f3n"},"content":{"rendered":"<p>[vc_row][vc_column width=\u00bb1\/2&#8243;][vc_column_text el_class=\u00bbtextoes\u00bb]<\/p>\n<h4 style=\"margin-top: 0;\">Rehabilitaci\u00f3n<\/h4>\n<p>[\/vc_column_text][vc_column_text el_class=\u00bbtextoes\u00bb]Soluciones de avanzada para mejorar funci\u00f3n y apariencia de estructuras dentarias da\u00f1adas. Para nosotros es esencial la meticulosidad en las t\u00e9cnicas que se usen, y de eso nos preocupamos: que la indicaci\u00f3n sea correcta y que se vigilen mucho los detalles del procedimiento, a fin de obtener como resultado una natural funcionalidad y est\u00e9tica del diente.<\/p>\n<p>Una de las acciones m\u00e1s frecuentes es el recambio de antiguas restauraciones de metal (amalgama y oro), por otras de mayor valor est\u00e9tico. Para ello utilizamos avanzadas herramientas: sistemas de micro abrasi\u00f3n; sistemas fotopolimerizables; incrustaciones cer\u00e1micas, CEREC y cementos adhesivos.<\/p>\n<p>Un detalle importante es que en esta especialidad trabajamos mucho en el laboratorio. Aunque el paciente se haya retirado a su hogar, el dentista sigue reconstruyendo la pieza o parte que ser\u00e1 devuelta a la sonrisa del paciente.<\/p>\n<p>En Auil Odontolog\u00eda Cl\u00ednica nos comprometemos a cumplir la meta de tiempo: Si usted lo solicita, en un d\u00eda o dos (dependiendo del caso), y una semana para un tratamiento completo.[\/vc_column_text][vc_empty_space height=\u00bb20px\u00bb][\/vc_column][vc_column width=\u00bb1\/2&#8243;][vc_single_image image=\u00bb871&#8243; img_size=\u00bbfull\u00bb][vc_empty_space height=\u00bb30px\u00bb][vc_single_image image=\u00bb874&#8243; img_size=\u00bbfull\u00bb][vc_empty_space height=\u00bb30px\u00bb][\/vc_column][\/vc_row][vc_row][vc_column width=\u00bb1\/2&#8243;][vc_empty_space height=\u00bb10px\u00bb][vc_column_text el_class=\u00bbtextoes\u00bb]<\/p>\n<h4>Dise\u00f1o de Sonrisa<\/h4>\n<p>El Concepto de Dise\u00f1o de Sonrisa Digital<\/p>\n<p>El Dise\u00f1o de Sonrisa corresponde a la planificaci\u00f3n y pre visualizaci\u00f3n de una propuesta terap\u00e9utica del \u00e1rea est\u00e9tica. Se basa en la integraci\u00f3n de la sonrisa dentro de la composici\u00f3n facial de cada paciente, buscando una propuesta arm\u00f3nica y personalizada del tratamiento odontol\u00f3gico. El uso de la fotograf\u00eda cl\u00ednica y facial permiten generar un dise\u00f1o digital del futuro resultado deseado, permitiendo una comunicaci\u00f3n precisa entre los distintos participantes del proceso terap\u00e9utico.[\/vc_column_text][vc_empty_space height=\u00bb20px\u00bb][vc_empty_space height=\u00bb20px\u00bb][vc_empty_space height=\u00bb20px\u00bb][\/vc_column][vc_column width=\u00bb1\/2&#8243;][vc_custom_heading text=\u00bbDiagnosticando Problemas\u00bb font_container=\u00bbtag:h4|text_align:left\u00bb][vc_single_image image=\u00bb1012&#8243; img_size=\u00bbfull\u00bb][vc_custom_heading text=\u00bbResultado Final\u00bb font_container=\u00bbtag:h4|text_align:left\u00bb][vc_single_image image=\u00bb1011&#8243; img_size=\u00bbfull\u00bb][vc_empty_space height=\u00bb30px\u00bb][\/vc_column][\/vc_row]<\/p>\n","protected":false},"excerpt":{"rendered":"<p>[vc_row][vc_column width=\u00bb1\/2&#8243;][vc_column_text el_class=\u00bbtextoes\u00bb] Rehabilitaci\u00f3n [\/vc_column_text][vc_column_text el_class=\u00bbtextoes\u00bb]Soluciones de avanzada para mejorar funci\u00f3n y apariencia de estructuras dentarias da\u00f1adas. Para nosotros es esencial la meticulosidad en las t\u00e9cnicas que se usen, y de eso nos preocupamos: que la indicaci\u00f3n sea correcta y que se vigilen mucho los detalles del procedimiento, a fin de obtener como resultado una [&hellip;]<\/p>\n","protected":false},"author":3,"featured_media":0,"parent":18,"menu_order":0,"comment_status":"closed","ping_status":"closed","template":"","meta":{"om_disable_all_campaigns":false,"_monsterinsights_skip_tracking":false,"_monsterinsights_sitenote_active":false,"_monsterinsights_sitenote_note":"","_monsterinsights_sitenote_category":0,"footnotes":""},"class_list":["post-251","page","type-page","status-publish","hentry","no-post-thumbnail"],"_links":{"self":[{"href":"https:\/\/www.auil.cl\/new\/wp-json\/wp\/v2\/pages\/251","targetHints":{"allow":["GET"]}}],"collection":[{"href":"https:\/\/www.auil.cl\/new\/wp-json\/wp\/v2\/pages"}],"about":[{"href":"https:\/\/www.auil.cl\/new\/wp-json\/wp\/v2\/types\/page"}],"author":[{"embeddable":true,"href":"https:\/\/www.auil.cl\/new\/wp-json\/wp\/v2\/users\/3"}],"replies":[{"embeddable":true,"href":"https:\/\/www.auil.cl\/new\/wp-json\/wp\/v2\/comments?post=251"}],"version-history":[{"count":18,"href":"https:\/\/www.auil.cl\/new\/wp-json\/wp\/v2\/pages\/251\/revisions"}],"predecessor-version":[{"id":1184,"href":"https:\/\/www.auil.cl\/new\/wp-json\/wp\/v2\/pages\/251\/revisions\/1184"}],"up":[{"embeddable":true,"href":"https:\/\/www.auil.cl\/new\/wp-json\/wp\/v2\/pages\/18"}],"wp:attachment":[{"href":"https:\/\/www.auil.cl\/new\/wp-json\/wp\/v2\/media?parent=251"}],"curies":[{"name":"wp","href":"https:\/\/api.w.org\/{rel}","templated":true}]}}