{"id":253,"date":"2015-12-23T12:55:43","date_gmt":"2015-12-23T12:55:43","guid":{"rendered":"http:\/\/www.grupoprimal.com\/clientes\/auil\/?page_id=253"},"modified":"2019-03-08T02:36:30","modified_gmt":"2019-03-08T02:36:30","slug":"implantologia","status":"publish","type":"page","link":"https:\/\/www.auil.cl\/new\/especialidades\/implantologia\/","title":{"rendered":"Implantolog\u00eda"},"content":{"rendered":"<p>[vc_row][vc_column width=\u00bb1\/2&#8243;][vc_column_text el_class=\u00bbtextoes\u00bb]<\/p>\n<h4 style=\"margin-top: 0;\">Implantolog\u00eda<\/h4>\n<p>Soluciones de vanguardia en un solo d\u00eda, para recuperar la dentadura perdida en maxilares inferiores y\/o piezas individuales.[\/vc_column_text][vc_empty_space height=\u00bb10px\u00bb][vc_column_text el_class=\u00bbtextoes\u00bb]Los <strong>implantes<\/strong> son dispositivos de titanio que se colocan en el hueso del maxilar inferior o superior. Sirven como sustitutos de la ra\u00edz de los dientes naturales perdidos, y act\u00faan como anclaje de los dientes a reemplazar.<\/p>\n<p>El avance cient\u00edfico en estos procedimientos permite el desarrollo de subespecialidades para entregar soluciones personales a cada paciente. Auil Odontolog\u00eda Cl\u00ednica cuenta con la formaci\u00f3n y el conocimiento necesario para ofrecer estas soluciones de acuerdo a la realidad espec\u00edfica de cada persona, conforme a aspectos de la bioingenier\u00eda, injertos de huesos, superficie de implantes, etc.[\/vc_column_text][vc_empty_space height=\u00bb30px\u00bb][\/vc_column][vc_column width=\u00bb1\/2&#8243; el_class=\u00bbtextoes\u00bb][vc_single_image image=\u00bb864&#8243; img_size=\u00bbfull\u00bb][vc_empty_space height=\u00bb20px\u00bb][vc_single_image image=\u00bb861&#8243; img_size=\u00bbfull\u00bb][vc_empty_space height=\u00bb30px\u00bb][\/vc_column][\/vc_row]<\/p>\n","protected":false},"excerpt":{"rendered":"<p>[vc_row][vc_column width=\u00bb1\/2&#8243;][vc_column_text el_class=\u00bbtextoes\u00bb] Implantolog\u00eda Soluciones de vanguardia en un solo d\u00eda, para recuperar la dentadura perdida en maxilares inferiores y\/o piezas individuales.[\/vc_column_text][vc_empty_space height=\u00bb10px\u00bb][vc_column_text el_class=\u00bbtextoes\u00bb]Los implantes son dispositivos de titanio que se colocan en el hueso del maxilar inferior o superior. Sirven como sustitutos de la ra\u00edz de los dientes naturales perdidos, y act\u00faan como anclaje [&hellip;]<\/p>\n","protected":false},"author":3,"featured_media":0,"parent":18,"menu_order":0,"comment_status":"closed","ping_status":"closed","template":"","meta":{"om_disable_all_campaigns":false,"_monsterinsights_skip_tracking":false,"_monsterinsights_sitenote_active":false,"_monsterinsights_sitenote_note":"","_monsterinsights_sitenote_category":0,"footnotes":""},"class_list":["post-253","page","type-page","status-publish","hentry","no-post-thumbnail"],"_links":{"self":[{"href":"https:\/\/www.auil.cl\/new\/wp-json\/wp\/v2\/pages\/253","targetHints":{"allow":["GET"]}}],"collection":[{"href":"https:\/\/www.auil.cl\/new\/wp-json\/wp\/v2\/pages"}],"about":[{"href":"https:\/\/www.auil.cl\/new\/wp-json\/wp\/v2\/types\/page"}],"author":[{"embeddable":true,"href":"https:\/\/www.auil.cl\/new\/wp-json\/wp\/v2\/users\/3"}],"replies":[{"embeddable":true,"href":"https:\/\/www.auil.cl\/new\/wp-json\/wp\/v2\/comments?post=253"}],"version-history":[{"count":12,"href":"https:\/\/www.auil.cl\/new\/wp-json\/wp\/v2\/pages\/253\/revisions"}],"predecessor-version":[{"id":1196,"href":"https:\/\/www.auil.cl\/new\/wp-json\/wp\/v2\/pages\/253\/revisions\/1196"}],"up":[{"embeddable":true,"href":"https:\/\/www.auil.cl\/new\/wp-json\/wp\/v2\/pages\/18"}],"wp:attachment":[{"href":"https:\/\/www.auil.cl\/new\/wp-json\/wp\/v2\/media?parent=253"}],"curies":[{"name":"wp","href":"https:\/\/api.w.org\/{rel}","templated":true}]}}