{"id":259,"date":"2015-12-23T16:30:22","date_gmt":"2015-12-23T16:30:22","guid":{"rendered":"http:\/\/www.grupoprimal.com\/clientes\/auil\/?page_id=259"},"modified":"2019-02-28T22:07:59","modified_gmt":"2019-02-28T22:07:59","slug":"odontopediatria","status":"publish","type":"page","link":"https:\/\/www.auil.cl\/new\/especialidades\/odontopediatria\/","title":{"rendered":"Odontopediatr\u00eda"},"content":{"rendered":"<p>[vc_row][vc_column width=\u00bb1\/2&#8243;][vc_column_text el_class=\u00bbtextoes\u00bb]<\/p>\n<h4 style=\"margin-top: 0;\">Odontopediatr\u00eda<\/h4>\n<p>Sabemos qu\u00e9 diferente podr\u00eda ser la percepci\u00f3n de su dentista si nunca hubiese sufrido de caries. Afortunadamente, todos esos temores que de ni\u00f1o acechaban ya son cosa del pasado. Todo comienza con la primera visita a su dentista (alrededor de los 3 a\u00f1os). En ese momento, comienza una relaci\u00f3n con un paciente sano que puede durar en ese estado toda la vida.<\/p>\n<p><strong>La Odontopediatr\u00eda<\/strong> se ocupa de todas las enfermedades dentales que afectan a los ni\u00f1os (erupci\u00f3n y recambio de piezas, mordida disfuncional, prevenci\u00f3n, otras). Sobre todo, es muy preventiva, porque su foco es la protecci\u00f3n del diente sano, la educaci\u00f3n y formaci\u00f3n de h\u00e1bitos para toda la vida.<\/p>\n<p>Es muy importante crear una buena relaci\u00f3n con el ni\u00f1o, y de eso nos preocupamos. Incluso, aunque se necesite de varias sesiones en que s\u00f3lo conversemos. En nuestra sala de juegos especialmente dise\u00f1ada para ellos, vamos creando confianza,\u00a0 para eso utilizamos nuestras habilidades de comunicaci\u00f3n y una efectiva colaboraci\u00f3n con los padres. \u00a1Que no se hable m\u00e1s de miedo o dolor![\/vc_column_text][vc_empty_space height=\u00bb10px\u00bb][vc_empty_space height=\u00bb10px\u00bb][vc_empty_space height=\u00bb10px\u00bb][\/vc_column][vc_column width=\u00bb1\/2&#8243;][vc_single_image image=\u00bb828&#8243; img_size=\u00bbfull\u00bb][vc_empty_space height=\u00bb30px\u00bb][vc_single_image image=\u00bb831&#8243; img_size=\u00bbfull\u00bb][\/vc_column][\/vc_row]<\/p>\n","protected":false},"excerpt":{"rendered":"<p>[vc_row][vc_column width=\u00bb1\/2&#8243;][vc_column_text el_class=\u00bbtextoes\u00bb] Odontopediatr\u00eda Sabemos qu\u00e9 diferente podr\u00eda ser la percepci\u00f3n de su dentista si nunca hubiese sufrido de caries. Afortunadamente, todos esos temores que de ni\u00f1o acechaban ya son cosa del pasado. Todo comienza con la primera visita a su dentista (alrededor de los 3 a\u00f1os). En ese momento, comienza una relaci\u00f3n con un [&hellip;]<\/p>\n","protected":false},"author":3,"featured_media":0,"parent":18,"menu_order":0,"comment_status":"closed","ping_status":"closed","template":"","meta":{"om_disable_all_campaigns":false,"_monsterinsights_skip_tracking":false,"_monsterinsights_sitenote_active":false,"_monsterinsights_sitenote_note":"","_monsterinsights_sitenote_category":0,"footnotes":""},"class_list":["post-259","page","type-page","status-publish","hentry","no-post-thumbnail"],"_links":{"self":[{"href":"https:\/\/www.auil.cl\/new\/wp-json\/wp\/v2\/pages\/259","targetHints":{"allow":["GET"]}}],"collection":[{"href":"https:\/\/www.auil.cl\/new\/wp-json\/wp\/v2\/pages"}],"about":[{"href":"https:\/\/www.auil.cl\/new\/wp-json\/wp\/v2\/types\/page"}],"author":[{"embeddable":true,"href":"https:\/\/www.auil.cl\/new\/wp-json\/wp\/v2\/users\/3"}],"replies":[{"embeddable":true,"href":"https:\/\/www.auil.cl\/new\/wp-json\/wp\/v2\/comments?post=259"}],"version-history":[{"count":10,"href":"https:\/\/www.auil.cl\/new\/wp-json\/wp\/v2\/pages\/259\/revisions"}],"predecessor-version":[{"id":1185,"href":"https:\/\/www.auil.cl\/new\/wp-json\/wp\/v2\/pages\/259\/revisions\/1185"}],"up":[{"embeddable":true,"href":"https:\/\/www.auil.cl\/new\/wp-json\/wp\/v2\/pages\/18"}],"wp:attachment":[{"href":"https:\/\/www.auil.cl\/new\/wp-json\/wp\/v2\/media?parent=259"}],"curies":[{"name":"wp","href":"https:\/\/api.w.org\/{rel}","templated":true}]}}