{"id":261,"date":"2015-12-23T16:30:59","date_gmt":"2015-12-23T16:30:59","guid":{"rendered":"http:\/\/www.grupoprimal.com\/clientes\/auil\/?page_id=261"},"modified":"2018-05-08T19:19:00","modified_gmt":"2018-05-08T19:19:00","slug":"endodoncia","status":"publish","type":"page","link":"https:\/\/www.auil.cl\/new\/especialidades\/endodoncia\/","title":{"rendered":"Endodoncia"},"content":{"rendered":"<p>[vc_row][vc_column width=\u00bb1\/2&#8243;][vc_column_text el_class=\u00bbtextoes\u00bb]<\/p>\n<h4 style=\"margin-top: 0;\">Endodoncia<\/h4>\n<p>Apoyados por im\u00e1genes digitales de diagn\u00f3stico, aseguramos excelentes postoperatorios, sin dolor y en menos tiempo.[\/vc_column_text][vc_empty_space height=\u00bb10px\u00bb][vc_column_text el_class=\u00bbtextoes\u00bb]La vitalidad de una pieza dentaria est\u00e1 dada por la pulpa, un tejido vivo compuesto por c\u00e9lulas y vasos sangu\u00edneos alojados dentro del diente, en la corona (parte visible) y en la ra\u00edz (dentro del hueso, bajo la enc\u00eda).<\/p>\n<p>A veces, a esta zona llegan las bacterias y deben ser removidas mediante un tratamiento de conducto. Tal es el campo de acci\u00f3n de la Endodoncia. El tejido inflamado se elimina, para luego desinfectar el interior del diente y, finalmente, proceder al relleno o sellado de los conductos. Lo bueno de esta medida es que el diente es preservado, no se pierde por la infecci\u00f3n. Por eso, es importante realizar un tratamiento oportuno.<\/p>\n<p>Una buena noticia que podemos dar en <strong>Auil Odontolog\u00eda Cl\u00ednica<\/strong> es que la precisi\u00f3n y calidad de los tratamientos se ha visto aumentada por el uso de la radiograf\u00eda dental computarizada. El poder obtener im\u00e1genes inmediatas, exactas y f\u00e1cilmente manipulables permite al endodoncista un trabajo preciso y seguro. Resultado para el paciente: excelentes postoperatorios, sin dolor y en menor tiempo.[\/vc_column_text][vc_empty_space height=\u00bb30px\u00bb][\/vc_column][vc_column width=\u00bb1\/2&#8243;][vc_single_image image=\u00bb881&#8243; img_size=\u00bbfull\u00bb][vc_empty_space height=\u00bb20px\u00bb][vc_single_image image=\u00bb880&#8243; img_size=\u00bbfull\u00bb][vc_empty_space height=\u00bb30px\u00bb][\/vc_column][\/vc_row]<\/p>\n","protected":false},"excerpt":{"rendered":"<p>[vc_row][vc_column width=\u00bb1\/2&#8243;][vc_column_text el_class=\u00bbtextoes\u00bb] Endodoncia Apoyados por im\u00e1genes digitales de diagn\u00f3stico, aseguramos excelentes postoperatorios, sin dolor y en menos tiempo.[\/vc_column_text][vc_empty_space height=\u00bb10px\u00bb][vc_column_text el_class=\u00bbtextoes\u00bb]La vitalidad de una pieza dentaria est\u00e1 dada por la pulpa, un tejido vivo compuesto por c\u00e9lulas y vasos sangu\u00edneos alojados dentro del diente, en la corona (parte visible) y en la ra\u00edz (dentro del [&hellip;]<\/p>\n","protected":false},"author":3,"featured_media":0,"parent":18,"menu_order":0,"comment_status":"closed","ping_status":"closed","template":"","meta":{"om_disable_all_campaigns":false,"_monsterinsights_skip_tracking":false,"_monsterinsights_sitenote_active":false,"_monsterinsights_sitenote_note":"","_monsterinsights_sitenote_category":0,"footnotes":""},"class_list":["post-261","page","type-page","status-publish","hentry","no-post-thumbnail"],"_links":{"self":[{"href":"https:\/\/www.auil.cl\/new\/wp-json\/wp\/v2\/pages\/261","targetHints":{"allow":["GET"]}}],"collection":[{"href":"https:\/\/www.auil.cl\/new\/wp-json\/wp\/v2\/pages"}],"about":[{"href":"https:\/\/www.auil.cl\/new\/wp-json\/wp\/v2\/types\/page"}],"author":[{"embeddable":true,"href":"https:\/\/www.auil.cl\/new\/wp-json\/wp\/v2\/users\/3"}],"replies":[{"embeddable":true,"href":"https:\/\/www.auil.cl\/new\/wp-json\/wp\/v2\/comments?post=261"}],"version-history":[{"count":7,"href":"https:\/\/www.auil.cl\/new\/wp-json\/wp\/v2\/pages\/261\/revisions"}],"predecessor-version":[{"id":1168,"href":"https:\/\/www.auil.cl\/new\/wp-json\/wp\/v2\/pages\/261\/revisions\/1168"}],"up":[{"embeddable":true,"href":"https:\/\/www.auil.cl\/new\/wp-json\/wp\/v2\/pages\/18"}],"wp:attachment":[{"href":"https:\/\/www.auil.cl\/new\/wp-json\/wp\/v2\/media?parent=261"}],"curies":[{"name":"wp","href":"https:\/\/api.w.org\/{rel}","templated":true}]}}