{"id":263,"date":"2015-12-23T16:34:25","date_gmt":"2015-12-23T16:34:25","guid":{"rendered":"http:\/\/www.grupoprimal.com\/clientes\/auil\/?page_id=263"},"modified":"2019-02-28T22:13:54","modified_gmt":"2019-02-28T22:13:54","slug":"ortodoncia","status":"publish","type":"page","link":"https:\/\/www.auil.cl\/new\/especialidades\/ortodoncia\/","title":{"rendered":"Ortodoncia"},"content":{"rendered":"<p>[vc_row][vc_column width=\u00bb1\/2&#8243;][vc_column_text el_class=\u00bbtextoes\u00bb]<\/p>\n<h4 style=\"margin-top: 0px; text-align: justify;\">Ortodoncia<\/h4>\n<p style=\"text-align: justify;\">Peque\u00f1as fuerzas controladas con mucha precisi\u00f3n alinean las piezas dentales en su posici\u00f3n correcta, devolviendo las ganas de sonre\u00edr.<\/p>\n<p style=\"text-align: justify;\">La <strong>Ortodoncia<\/strong> se ocupa de los problemas de alineaci\u00f3n y posici\u00f3n de los dientes, de manera que tiene por una parte, un foco est\u00e9tico. Pero tambi\u00e9n un inter\u00e9s funcional, ya que una correcta mordida evita situaciones tales como dolores articulares, desgaste desigual de las piezas o, incluso, problemas del habla y modulaci\u00f3n del lenguaje.<\/p>\n<p style=\"text-align: justify;\">La base de un tratamiento exitoso es un buen diagn\u00f3stico inicial, para lo cual debe realizarse un exhaustivo an\u00e1lisis radiogr\u00e1fico y cefalom\u00e9trico. Ello permite construir adecuadamente los modelos (moldes), los que permiten determinar con precisi\u00f3n el estado actual y predecir los resultados futuros.<\/p>\n<p style=\"text-align: justify;\">Es recomendable que la primera consulta sea a los 6 o 7 a\u00f1os, para evaluar el crecimiento \u00f3seo y detectar posibles maloclusiones oportunamente. Es mucho mas f\u00e1cil una soluci\u00f3n a esta edad y mas complicado en la adolescencia.<\/p>\n<p>[\/vc_column_text][vc_empty_space height=\u00bb10px\u00bb][vc_empty_space height=\u00bb10px\u00bb][\/vc_column][vc_column width=\u00bb1\/2&#8243;][vc_single_image image=\u00bb877&#8243; img_size=\u00bbfull\u00bb][vc_empty_space height=\u00bb20px\u00bb][vc_single_image image=\u00bb876&#8243; img_size=\u00bbfull\u00bb][vc_empty_space height=\u00bb30px\u00bb][\/vc_column][\/vc_row]<\/p>\n","protected":false},"excerpt":{"rendered":"<p>[vc_row][vc_column width=\u00bb1\/2&#8243;][vc_column_text el_class=\u00bbtextoes\u00bb] Ortodoncia Peque\u00f1as fuerzas controladas con mucha precisi\u00f3n alinean las piezas dentales en su posici\u00f3n correcta, devolviendo las ganas de sonre\u00edr. La Ortodoncia se ocupa de los problemas de alineaci\u00f3n y posici\u00f3n de los dientes, de manera que tiene por una parte, un foco est\u00e9tico. Pero tambi\u00e9n un inter\u00e9s funcional, ya que una [&hellip;]<\/p>\n","protected":false},"author":3,"featured_media":0,"parent":18,"menu_order":0,"comment_status":"closed","ping_status":"closed","template":"","meta":{"om_disable_all_campaigns":false,"_monsterinsights_skip_tracking":false,"_monsterinsights_sitenote_active":false,"_monsterinsights_sitenote_note":"","_monsterinsights_sitenote_category":0,"footnotes":""},"class_list":["post-263","page","type-page","status-publish","hentry","no-post-thumbnail"],"_links":{"self":[{"href":"https:\/\/www.auil.cl\/new\/wp-json\/wp\/v2\/pages\/263","targetHints":{"allow":["GET"]}}],"collection":[{"href":"https:\/\/www.auil.cl\/new\/wp-json\/wp\/v2\/pages"}],"about":[{"href":"https:\/\/www.auil.cl\/new\/wp-json\/wp\/v2\/types\/page"}],"author":[{"embeddable":true,"href":"https:\/\/www.auil.cl\/new\/wp-json\/wp\/v2\/users\/3"}],"replies":[{"embeddable":true,"href":"https:\/\/www.auil.cl\/new\/wp-json\/wp\/v2\/comments?post=263"}],"version-history":[{"count":10,"href":"https:\/\/www.auil.cl\/new\/wp-json\/wp\/v2\/pages\/263\/revisions"}],"predecessor-version":[{"id":1188,"href":"https:\/\/www.auil.cl\/new\/wp-json\/wp\/v2\/pages\/263\/revisions\/1188"}],"up":[{"embeddable":true,"href":"https:\/\/www.auil.cl\/new\/wp-json\/wp\/v2\/pages\/18"}],"wp:attachment":[{"href":"https:\/\/www.auil.cl\/new\/wp-json\/wp\/v2\/media?parent=263"}],"curies":[{"name":"wp","href":"https:\/\/api.w.org\/{rel}","templated":true}]}}