{"id":271,"date":"2015-12-23T16:44:54","date_gmt":"2015-12-23T16:44:54","guid":{"rendered":"http:\/\/www.grupoprimal.com\/clientes\/auil\/?page_id=271"},"modified":"2018-05-08T19:14:28","modified_gmt":"2018-05-08T19:14:28","slug":"periodoncia","status":"publish","type":"page","link":"https:\/\/www.auil.cl\/new\/especialidades\/periodoncia\/","title":{"rendered":"Periodoncia"},"content":{"rendered":"<p>[vc_row][vc_column width=\u00bb1\/2&#8243;][vc_column_text el_class=\u00bbtextoes\u00bb]<\/p>\n<h4 style=\"margin-top: 0;\">Periodoncia<\/h4>\n<p>[\/vc_column_text][vc_column_text el_class=\u00bbtextoes\u00bb]Sus enc\u00edas merecen un cuidado profesional de excelencia para prevenir, recuperar y mantener el soporte de sus dientes.<\/p>\n<p><strong>La Periodoncia<\/strong> es la especialidad que se ocupa del diagn\u00f3stico, tratamiento y prevenci\u00f3n de las enfermedades de la enc\u00eda y otros tejidos m\u00e1s profundos que sirven de sost\u00e9n a la pieza dentaria. Su objetivo consiste en la conservaci\u00f3n de los dientes, su funcionalidad y est\u00e9tica durante toda la vida.<\/p>\n<p>La enfermedad de enc\u00edas es un factor de riesgo para enfermedades como diabetes, cardiovasculares o partos prematuros. Cuando a los pacientes se les diagnostica una periodontitis (inflamaci\u00f3n de la enc\u00eda), el 95% declara no haber sentido jam\u00e1s un dolor. Y es que esta afecci\u00f3n no duele, pero paulatinamente va reabsorviendo la base que afirma al diente, haciendo que peligre su conservaci\u00f3n.<\/p>\n<p><strong>Sus s\u00edntomas son:<\/strong> sangramiento de la enc\u00eda (sin dolor), recogimiento del tejido, ampliaci\u00f3n del espacio entre los dientes, sensibilidad al fr\u00edo y halitosis (mal aliento; de hecho, las enfermedades de la enc\u00eda constituyen casi el 90% de las causas de mal olor bucal).<\/p>\n<p><strong>Tratamiento:<\/strong> Podemos detener, reconstruir y\/o devolver estructuras perdidas. Usamos t\u00e9cnicas no invasivas, con administraci\u00f3n local o sist\u00e9mica de antibi\u00f3ticos. Y tambi\u00e9n cirug\u00edas, injerto \u00f3seo o regeneraci\u00f3n tisular guiada. En resumen, todo aquello que su caso requiera para tratarlo exitosamente.[\/vc_column_text][vc_empty_space height=\u00bb20px\u00bb][vc_empty_space height=\u00bb30px\u00bb][\/vc_column][vc_column width=\u00bb1\/2&#8243;][vc_single_image image=\u00bb867&#8243; img_size=\u00bbfull\u00bb][vc_empty_space height=\u00bb20px\u00bb][vc_single_image image=\u00bb866&#8243; img_size=\u00bbfull\u00bb][vc_empty_space height=\u00bb20px\u00bb][\/vc_column][\/vc_row]<\/p>\n","protected":false},"excerpt":{"rendered":"<p>[vc_row][vc_column width=\u00bb1\/2&#8243;][vc_column_text el_class=\u00bbtextoes\u00bb] Periodoncia [\/vc_column_text][vc_column_text el_class=\u00bbtextoes\u00bb]Sus enc\u00edas merecen un cuidado profesional de excelencia para prevenir, recuperar y mantener el soporte de sus dientes. La Periodoncia es la especialidad que se ocupa del diagn\u00f3stico, tratamiento y prevenci\u00f3n de las enfermedades de la enc\u00eda y otros tejidos m\u00e1s profundos que sirven de sost\u00e9n a la pieza dentaria. [&hellip;]<\/p>\n","protected":false},"author":3,"featured_media":0,"parent":18,"menu_order":0,"comment_status":"closed","ping_status":"closed","template":"","meta":{"om_disable_all_campaigns":false,"_monsterinsights_skip_tracking":false,"_monsterinsights_sitenote_active":false,"_monsterinsights_sitenote_note":"","_monsterinsights_sitenote_category":0,"footnotes":""},"class_list":["post-271","page","type-page","status-publish","hentry","no-post-thumbnail"],"_links":{"self":[{"href":"https:\/\/www.auil.cl\/new\/wp-json\/wp\/v2\/pages\/271","targetHints":{"allow":["GET"]}}],"collection":[{"href":"https:\/\/www.auil.cl\/new\/wp-json\/wp\/v2\/pages"}],"about":[{"href":"https:\/\/www.auil.cl\/new\/wp-json\/wp\/v2\/types\/page"}],"author":[{"embeddable":true,"href":"https:\/\/www.auil.cl\/new\/wp-json\/wp\/v2\/users\/3"}],"replies":[{"embeddable":true,"href":"https:\/\/www.auil.cl\/new\/wp-json\/wp\/v2\/comments?post=271"}],"version-history":[{"count":11,"href":"https:\/\/www.auil.cl\/new\/wp-json\/wp\/v2\/pages\/271\/revisions"}],"predecessor-version":[{"id":1163,"href":"https:\/\/www.auil.cl\/new\/wp-json\/wp\/v2\/pages\/271\/revisions\/1163"}],"up":[{"embeddable":true,"href":"https:\/\/www.auil.cl\/new\/wp-json\/wp\/v2\/pages\/18"}],"wp:attachment":[{"href":"https:\/\/www.auil.cl\/new\/wp-json\/wp\/v2\/media?parent=271"}],"curies":[{"name":"wp","href":"https:\/\/api.w.org\/{rel}","templated":true}]}}