{"id":623,"date":"2016-02-08T19:24:22","date_gmt":"2016-02-08T19:24:22","guid":{"rendered":"http:\/\/www.grupoprimal.com\/clientes\/auil\/?page_id=623"},"modified":"2018-05-09T14:32:20","modified_gmt":"2018-05-09T14:32:20","slug":"cerec-3d","status":"publish","type":"page","link":"https:\/\/www.auil.cl\/new\/tecnologia\/cerec-3d\/","title":{"rendered":"Cerec 3D"},"content":{"rendered":"<p>[vc_row][vc_column width=\u00bb1\/2&#8243;][vc_column_text el_class=\u00bbtextoes\u00bb]<\/p>\n<h4>Cerec 3D<\/h4>\n<p>Equipo de \u00faltima generaci\u00f3n para la restauraci\u00f3n computarizada en cer\u00e1mica feldesp\u00e1tica industrializada. El procedimiento de dise\u00f1o asistido por computador <strong>(CAD-CAM CEREC)<\/strong> permite terminar la restauraci\u00f3n en la misma sesi\u00f3n. Se eliminan las impresiones tradicionales, el tiempo y la necesidad de nuevas punciones anest\u00e9sicas.[\/vc_column_text][vc_empty_space height=\u00bb10px\u00bb][vc_column_text el_class=\u00bbtextoes\u00bb]Este es el material m\u00e1s parecido al diente original por su color, resistencia, comportamiento t\u00e9rmico y coeficiente de abrasi\u00f3n. Al eliminar el laboratorio mejora significativamente los resultados de las porcelanas tradicionales.[\/vc_column_text][vc_empty_space height=\u00bb20px\u00bb][\/vc_column][vc_column width=\u00bb1\/2&#8243;][vc_single_image image=\u00bb886&#8243; img_size=\u00bb500&#215;354&#8243;][vc_empty_space height=\u00bb30px\u00bb][\/vc_column][\/vc_row]<\/p>\n","protected":false},"excerpt":{"rendered":"<p>[vc_row][vc_column width=\u00bb1\/2&#8243;][vc_column_text el_class=\u00bbtextoes\u00bb] Cerec 3D Equipo de \u00faltima generaci\u00f3n para la restauraci\u00f3n computarizada en cer\u00e1mica feldesp\u00e1tica industrializada. El procedimiento de dise\u00f1o asistido por computador (CAD-CAM CEREC) permite terminar la restauraci\u00f3n en la misma sesi\u00f3n. Se eliminan las impresiones tradicionales, el tiempo y la necesidad de nuevas punciones anest\u00e9sicas.[\/vc_column_text][vc_empty_space height=\u00bb10px\u00bb][vc_column_text el_class=\u00bbtextoes\u00bb]Este es el material m\u00e1s parecido [&hellip;]<\/p>\n","protected":false},"author":3,"featured_media":0,"parent":614,"menu_order":0,"comment_status":"closed","ping_status":"closed","template":"","meta":{"om_disable_all_campaigns":false,"_monsterinsights_skip_tracking":false,"_monsterinsights_sitenote_active":false,"_monsterinsights_sitenote_note":"","_monsterinsights_sitenote_category":0,"footnotes":""},"class_list":["post-623","page","type-page","status-publish","hentry","no-post-thumbnail"],"_links":{"self":[{"href":"https:\/\/www.auil.cl\/new\/wp-json\/wp\/v2\/pages\/623","targetHints":{"allow":["GET"]}}],"collection":[{"href":"https:\/\/www.auil.cl\/new\/wp-json\/wp\/v2\/pages"}],"about":[{"href":"https:\/\/www.auil.cl\/new\/wp-json\/wp\/v2\/types\/page"}],"author":[{"embeddable":true,"href":"https:\/\/www.auil.cl\/new\/wp-json\/wp\/v2\/users\/3"}],"replies":[{"embeddable":true,"href":"https:\/\/www.auil.cl\/new\/wp-json\/wp\/v2\/comments?post=623"}],"version-history":[{"count":8,"href":"https:\/\/www.auil.cl\/new\/wp-json\/wp\/v2\/pages\/623\/revisions"}],"predecessor-version":[{"id":1161,"href":"https:\/\/www.auil.cl\/new\/wp-json\/wp\/v2\/pages\/623\/revisions\/1161"}],"up":[{"embeddable":true,"href":"https:\/\/www.auil.cl\/new\/wp-json\/wp\/v2\/pages\/614"}],"wp:attachment":[{"href":"https:\/\/www.auil.cl\/new\/wp-json\/wp\/v2\/media?parent=623"}],"curies":[{"name":"wp","href":"https:\/\/api.w.org\/{rel}","templated":true}]}}