{"id":625,"date":"2016-02-08T19:25:08","date_gmt":"2016-02-08T19:25:08","guid":{"rendered":"http:\/\/www.grupoprimal.com\/clientes\/auil\/?page_id=625"},"modified":"2019-02-28T22:20:19","modified_gmt":"2019-02-28T22:20:19","slug":"software-clinico","status":"publish","type":"page","link":"https:\/\/www.auil.cl\/new\/tecnologia\/software-clinico\/","title":{"rendered":"Software Cl\u00ednico"},"content":{"rendered":"<p>[vc_row][vc_column width=\u00bb1\/2&#8243;][vc_column_text el_class=\u00bbtextoes\u00bb]<\/p>\n<h4>Software Cl\u00ednico Dentrix<\/h4>\n<p>Una Cl\u00ednica del siglo XXI.<\/p>\n<p>El programa maestro para administrar fichas cl\u00ednicas digitales y todo el funcionamiento operativo de un centro odontol\u00f3gico.<\/p>\n<p>La red computacional de <strong>Auil Odontolog\u00eda Cl\u00ednica<\/strong> es administrada por uno de los m\u00e1s avanzados softwares odontol\u00f3gicos en el mundo. Desde que usted llama y programa la primera hora, entra en acci\u00f3n <strong>Dentrix<\/strong>, nuestro sistema de administraci\u00f3n de consultas por computador.<\/p>\n<p>Todos los antecedentes de su ficha, monitoreo de sistemas es seguro, radiograf\u00edas digitales, el plan de tratamiento con todas y cada una de las acciones a realizar y los especialistas que estar\u00e1n a cargo, su historial cl\u00ednico y su sistema de citaci\u00f3n a control, son autom\u00e1ticos.<\/p>\n<p><strong>Dentrix<\/strong> tambi\u00e9n permite guardar sus im\u00e1genes intraorales previamente protegidas, las que quedan registradas dentro de su ficha cl\u00ednica. Gracias a esto es posible, si eventualmente en un futuro necesita hacer reconstrucciones est\u00e9ticas de su sonrisa, tener una clara idea de cu\u00e1l es el resultado a reconstruir.[\/vc_column_text][vc_empty_space height=\u00bb30px\u00bb][\/vc_column][vc_column width=\u00bb1\/2&#8243;][vc_single_image image=\u00bb888&#8243; img_size=\u00bb500&#215;354&#8243;][vc_empty_space height=\u00bb30px\u00bb][\/vc_column][\/vc_row]<\/p>\n","protected":false},"excerpt":{"rendered":"<p>[vc_row][vc_column width=\u00bb1\/2&#8243;][vc_column_text el_class=\u00bbtextoes\u00bb] Software Cl\u00ednico Dentrix Una Cl\u00ednica del siglo XXI. El programa maestro para administrar fichas cl\u00ednicas digitales y todo el funcionamiento operativo de un centro odontol\u00f3gico. La red computacional de Auil Odontolog\u00eda Cl\u00ednica es administrada por uno de los m\u00e1s avanzados softwares odontol\u00f3gicos en el mundo. Desde que usted llama y programa la [&hellip;]<\/p>\n","protected":false},"author":3,"featured_media":0,"parent":614,"menu_order":0,"comment_status":"closed","ping_status":"closed","template":"","meta":{"om_disable_all_campaigns":false,"_monsterinsights_skip_tracking":false,"_monsterinsights_sitenote_active":false,"_monsterinsights_sitenote_note":"","_monsterinsights_sitenote_category":0,"footnotes":""},"class_list":["post-625","page","type-page","status-publish","hentry","no-post-thumbnail"],"_links":{"self":[{"href":"https:\/\/www.auil.cl\/new\/wp-json\/wp\/v2\/pages\/625","targetHints":{"allow":["GET"]}}],"collection":[{"href":"https:\/\/www.auil.cl\/new\/wp-json\/wp\/v2\/pages"}],"about":[{"href":"https:\/\/www.auil.cl\/new\/wp-json\/wp\/v2\/types\/page"}],"author":[{"embeddable":true,"href":"https:\/\/www.auil.cl\/new\/wp-json\/wp\/v2\/users\/3"}],"replies":[{"embeddable":true,"href":"https:\/\/www.auil.cl\/new\/wp-json\/wp\/v2\/comments?post=625"}],"version-history":[{"count":9,"href":"https:\/\/www.auil.cl\/new\/wp-json\/wp\/v2\/pages\/625\/revisions"}],"predecessor-version":[{"id":1192,"href":"https:\/\/www.auil.cl\/new\/wp-json\/wp\/v2\/pages\/625\/revisions\/1192"}],"up":[{"embeddable":true,"href":"https:\/\/www.auil.cl\/new\/wp-json\/wp\/v2\/pages\/614"}],"wp:attachment":[{"href":"https:\/\/www.auil.cl\/new\/wp-json\/wp\/v2\/media?parent=625"}],"curies":[{"name":"wp","href":"https:\/\/api.w.org\/{rel}","templated":true}]}}