{"id":627,"date":"2016-02-08T19:25:52","date_gmt":"2016-02-08T19:25:52","guid":{"rendered":"http:\/\/www.grupoprimal.com\/clientes\/auil\/?page_id=627"},"modified":"2019-02-28T22:18:37","modified_gmt":"2019-02-28T22:18:37","slug":"imagenologia","status":"publish","type":"page","link":"https:\/\/www.auil.cl\/new\/tecnologia\/imagenologia\/","title":{"rendered":"Imagenolog\u00eda"},"content":{"rendered":"<p>[vc_row][vc_column width=\u00bb1\/2&#8243;][vc_column_text el_class=\u00bbtextoes\u00bb]<\/p>\n<h4>Imagenolog\u00eda Intraoral<\/h4>\n<p>Una micro-c\u00e1mara de video permite recorrer la cavidad oral y registrar im\u00e1genes para confeccionar su ficha cl\u00ednica.[\/vc_column_text][vc_empty_space height=\u00bb10px\u00bb][vc_column_text el_class=\u00bbtextoes\u00bb]No s\u00f3lo la simple visi\u00f3n cuenta al momento de observar en detalle el estado de salud bucal del paciente. Tambi\u00e9n nos apoyamos en im\u00e1genes intraorales captadas por una micro-c\u00e1mara de video, gracias a la fibra \u00f3ptica que la conecta con el monitor, nos permite recorrer la cavidad oral y registrar im\u00e1genes para confeccionar su ficha cl\u00ednica.<\/p>\n<p>As\u00ed, es posible tener una visualizaci\u00f3n global de todos los aspectos de su dentadura comunic\u00e1ndolos tambi\u00e9n a los laboratorios. Ning\u00fan detalle queda fuera, para as\u00ed realizar un diagn\u00f3stico exacto y evaluar el mejor tratamiento a seguir.<\/p>\n<p>Si usted lo solicita, podemos enviarle las im\u00e1genes de su caso por e-mail. Casi todas las im\u00e1genes que Ud. observa en nuestro sitio web, fueron tomadas con esta micro-c\u00e1mara. Instant\u00e1neas y no invasivas, las im\u00e1genes intraorales son una gran ayuda diagn\u00f3stica para el dentista y paciente.[\/vc_column_text][vc_empty_space height=\u00bb20px\u00bb][vc_empty_space height=\u00bb20px\u00bb][\/vc_column][vc_column width=\u00bb1\/2&#8243;][vc_single_image image=\u00bb1017&#8243; img_size=\u00bb500&#215;354&#8243; onclick=\u00bblink_image\u00bb][vc_empty_space height=\u00bb30px\u00bb][vc_single_image image=\u00bb1019&#8243; img_size=\u00bb500&#215;354&#8243; onclick=\u00bblink_image\u00bb][vc_empty_space height=\u00bb30px\u00bb][\/vc_column][\/vc_row]<\/p>\n","protected":false},"excerpt":{"rendered":"<p>[vc_row][vc_column width=\u00bb1\/2&#8243;][vc_column_text el_class=\u00bbtextoes\u00bb] Imagenolog\u00eda Intraoral Una micro-c\u00e1mara de video permite recorrer la cavidad oral y registrar im\u00e1genes para confeccionar su ficha cl\u00ednica.[\/vc_column_text][vc_empty_space height=\u00bb10px\u00bb][vc_column_text el_class=\u00bbtextoes\u00bb]No s\u00f3lo la simple visi\u00f3n cuenta al momento de observar en detalle el estado de salud bucal del paciente. Tambi\u00e9n nos apoyamos en im\u00e1genes intraorales captadas por una micro-c\u00e1mara de video, gracias [&hellip;]<\/p>\n","protected":false},"author":3,"featured_media":0,"parent":614,"menu_order":0,"comment_status":"closed","ping_status":"closed","template":"","meta":{"om_disable_all_campaigns":false,"_monsterinsights_skip_tracking":false,"_monsterinsights_sitenote_active":false,"_monsterinsights_sitenote_note":"","_monsterinsights_sitenote_category":0,"footnotes":""},"class_list":["post-627","page","type-page","status-publish","hentry","no-post-thumbnail"],"_links":{"self":[{"href":"https:\/\/www.auil.cl\/new\/wp-json\/wp\/v2\/pages\/627","targetHints":{"allow":["GET"]}}],"collection":[{"href":"https:\/\/www.auil.cl\/new\/wp-json\/wp\/v2\/pages"}],"about":[{"href":"https:\/\/www.auil.cl\/new\/wp-json\/wp\/v2\/types\/page"}],"author":[{"embeddable":true,"href":"https:\/\/www.auil.cl\/new\/wp-json\/wp\/v2\/users\/3"}],"replies":[{"embeddable":true,"href":"https:\/\/www.auil.cl\/new\/wp-json\/wp\/v2\/comments?post=627"}],"version-history":[{"count":10,"href":"https:\/\/www.auil.cl\/new\/wp-json\/wp\/v2\/pages\/627\/revisions"}],"predecessor-version":[{"id":1190,"href":"https:\/\/www.auil.cl\/new\/wp-json\/wp\/v2\/pages\/627\/revisions\/1190"}],"up":[{"embeddable":true,"href":"https:\/\/www.auil.cl\/new\/wp-json\/wp\/v2\/pages\/614"}],"wp:attachment":[{"href":"https:\/\/www.auil.cl\/new\/wp-json\/wp\/v2\/media?parent=627"}],"curies":[{"name":"wp","href":"https:\/\/api.w.org\/{rel}","templated":true}]}}