{"id":629,"date":"2016-02-08T19:26:57","date_gmt":"2016-02-08T19:26:57","guid":{"rendered":"http:\/\/www.grupoprimal.com\/clientes\/auil\/?page_id=629"},"modified":"2019-02-28T22:17:37","modified_gmt":"2019-02-28T22:17:37","slug":"electrocirugia","status":"publish","type":"page","link":"https:\/\/www.auil.cl\/new\/tecnologia\/electrocirugia\/","title":{"rendered":"Electrocirug\u00eda"},"content":{"rendered":"<p>[vc_row][vc_column width=\u00bb1\/2&#8243;][vc_column_text el_class=\u00bbtextoes\u00bb]<\/p>\n<h4 style=\"text-align: justify;\">Electrocirug\u00eda<\/h4>\n<p style=\"text-align: justify;\">Una peque\u00f1a pero potente se\u00f1al el\u00e9ctrica permite hacer incisiones limpias y precisas.<\/p>\n<p style=\"text-align: justify;\">La<strong> electrocirug\u00eda<\/strong> es una t\u00e9cnica que permite efectuar operaciones utilizando un dispositivo que, en lugar de cortar con filo, env\u00eda una se\u00f1al el\u00e9ctrica de alta frecuencia, la cual produce una incisi\u00f3n exacta y sin presi\u00f3n.<\/p>\n<p style=\"text-align: justify;\">Dadas sus ventajas, su uso es rutinario en cirug\u00eda m\u00e9dica hospitalaria.<\/p>\n<p style=\"text-align: justify;\">En odontolog\u00eda resulta muy conveniente, ya que al igual que el l\u00e1ser minimiza la hemorragia y permite exponer tejidos subyacentes para localizar zonas que se encuentran ocultas a simple vista. Permite una mejor cicatrizaci\u00f3n sin complicaciones.<\/p>\n<p style=\"text-align: justify;\">La se\u00f1al, adem\u00e1s, tiene el efecto de eliminar bacterias en la zona incisi\u00f3n. As\u00ed, se facilita el acceso para realizar otras pr\u00e1cticas cl\u00ednicas, como la ubicaci\u00f3n exacta de m\u00e1rgenes en coronas y restauraciones est\u00e9ticas, en la remodelaci\u00f3n de rebordes desdentados, remoci\u00f3n de tejido hiperpl\u00e1sico, la ejecuci\u00f3n de ciertos tipos de biopsias, remoci\u00f3n de tejido blando alrededor de terceros molares, coagulaci\u00f3n en cirug\u00edas y blanqueamiento cosm\u00e9tico.<\/p>\n<p>[\/vc_column_text][vc_empty_space height=\u00bb20px\u00bb][\/vc_column][vc_column width=\u00bb1\/2&#8243;][vc_single_image image=\u00bb320&#8243; img_size=\u00bb500&#215;354&#8243;][vc_empty_space height=\u00bb30px\u00bb][\/vc_column][\/vc_row]<\/p>\n","protected":false},"excerpt":{"rendered":"<p>[vc_row][vc_column width=\u00bb1\/2&#8243;][vc_column_text el_class=\u00bbtextoes\u00bb] Electrocirug\u00eda Una peque\u00f1a pero potente se\u00f1al el\u00e9ctrica permite hacer incisiones limpias y precisas. La electrocirug\u00eda es una t\u00e9cnica que permite efectuar operaciones utilizando un dispositivo que, en lugar de cortar con filo, env\u00eda una se\u00f1al el\u00e9ctrica de alta frecuencia, la cual produce una incisi\u00f3n exacta y sin presi\u00f3n. Dadas sus ventajas, su [&hellip;]<\/p>\n","protected":false},"author":3,"featured_media":0,"parent":614,"menu_order":0,"comment_status":"closed","ping_status":"closed","template":"","meta":{"om_disable_all_campaigns":false,"_monsterinsights_skip_tracking":false,"_monsterinsights_sitenote_active":false,"_monsterinsights_sitenote_note":"","_monsterinsights_sitenote_category":0,"footnotes":""},"class_list":["post-629","page","type-page","status-publish","hentry","no-post-thumbnail"],"_links":{"self":[{"href":"https:\/\/www.auil.cl\/new\/wp-json\/wp\/v2\/pages\/629","targetHints":{"allow":["GET"]}}],"collection":[{"href":"https:\/\/www.auil.cl\/new\/wp-json\/wp\/v2\/pages"}],"about":[{"href":"https:\/\/www.auil.cl\/new\/wp-json\/wp\/v2\/types\/page"}],"author":[{"embeddable":true,"href":"https:\/\/www.auil.cl\/new\/wp-json\/wp\/v2\/users\/3"}],"replies":[{"embeddable":true,"href":"https:\/\/www.auil.cl\/new\/wp-json\/wp\/v2\/comments?post=629"}],"version-history":[{"count":11,"href":"https:\/\/www.auil.cl\/new\/wp-json\/wp\/v2\/pages\/629\/revisions"}],"predecessor-version":[{"id":1189,"href":"https:\/\/www.auil.cl\/new\/wp-json\/wp\/v2\/pages\/629\/revisions\/1189"}],"up":[{"embeddable":true,"href":"https:\/\/www.auil.cl\/new\/wp-json\/wp\/v2\/pages\/614"}],"wp:attachment":[{"href":"https:\/\/www.auil.cl\/new\/wp-json\/wp\/v2\/media?parent=629"}],"curies":[{"name":"wp","href":"https:\/\/api.w.org\/{rel}","templated":true}]}}