{"id":631,"date":"2016-02-08T19:28:02","date_gmt":"2016-02-08T19:28:02","guid":{"rendered":"http:\/\/www.grupoprimal.com\/clientes\/auil\/?page_id=631"},"modified":"2016-04-20T13:35:07","modified_gmt":"2016-04-20T13:35:07","slug":"radiovisiografia","status":"publish","type":"page","link":"https:\/\/www.auil.cl\/new\/tecnologia\/radiovisiografia\/","title":{"rendered":"Radiovisiograf\u00eda"},"content":{"rendered":"<p>[vc_row][vc_column width=\u00bb1\/2&#8243;][vc_column_text el_class=\u00bbtextoes\u00bb]<\/p>\n<h4>Radiovisiograf\u00eda<\/h4>\n<p>Radiograf\u00edas del futuro : Con s\u00f3lo un 10% de la emisi\u00f3n de rayos X que necesitan las radiograf\u00edas normales, esta tecnolog\u00eda puede aplicarse incluso a embarazadas.<\/p>\n<p>Una de las tecnolog\u00edas que mayores aportes est\u00e1 haciendo a los dentistas en el mundo es la <strong>Radiovisiograf\u00eda o Radiograf\u00eda<\/strong> dental computarizada. En lugar de placas, las radiograf\u00edas son digitalizadas en el computador gracias a un sensor bucal.<\/p>\n<p>La principal ventaja para el paciente es obtener una imagen diagn\u00f3stica inmediata de gran tama\u00f1o, gran calidad y con un 90 % menos de radiaci\u00f3n. Esta caracter\u00edstica permite tomar radiograf\u00edas incluso en embarazadas. Las radiograf\u00edas digitales tienen la ventaja que pueden ser analizadas mediante otro software llamado Caries Detector, que en segundos analiza y descubre -con mayor precisi\u00f3n que el ojo humano-, la m\u00e1s m\u00ednima alteraci\u00f3n en el esmalte o en la estructura interna del diente. As\u00ed, una caries puede ser detectada incluso antes de que sea visible a simple vista, son ecoamigables, pues se utilizan menos insumos y desechos t\u00f3xicos para el medio ambiente.[\/vc_column_text][vc_empty_space height=\u00bb20px\u00bb][vc_empty_space height=\u00bb20px\u00bb][\/vc_column][vc_column width=\u00bb1\/2&#8243;][vc_single_image image=\u00bb1080&#8243; img_size=\u00bb500&#215;354&#8243; onclick=\u00bblink_image\u00bb][vc_empty_space height=\u00bb30px\u00bb][vc_single_image image=\u00bb1079&#8243; img_size=\u00bb500&#215;354&#8243; onclick=\u00bblink_image\u00bb][vc_empty_space height=\u00bb30px\u00bb][\/vc_column][\/vc_row]<\/p>\n","protected":false},"excerpt":{"rendered":"<p>[vc_row][vc_column width=\u00bb1\/2&#8243;][vc_column_text el_class=\u00bbtextoes\u00bb] Radiovisiograf\u00eda Radiograf\u00edas del futuro : Con s\u00f3lo un 10% de la emisi\u00f3n de rayos X que necesitan las radiograf\u00edas normales, esta tecnolog\u00eda puede aplicarse incluso a embarazadas. Una de las tecnolog\u00edas que mayores aportes est\u00e1 haciendo a los dentistas en el mundo es la Radiovisiograf\u00eda o Radiograf\u00eda dental computarizada. En lugar de [&hellip;]<\/p>\n","protected":false},"author":3,"featured_media":0,"parent":614,"menu_order":0,"comment_status":"closed","ping_status":"closed","template":"","meta":{"om_disable_all_campaigns":false,"_monsterinsights_skip_tracking":false,"_monsterinsights_sitenote_active":false,"_monsterinsights_sitenote_note":"","_monsterinsights_sitenote_category":0,"footnotes":""},"class_list":["post-631","page","type-page","status-publish","hentry","no-post-thumbnail"],"_links":{"self":[{"href":"https:\/\/www.auil.cl\/new\/wp-json\/wp\/v2\/pages\/631","targetHints":{"allow":["GET"]}}],"collection":[{"href":"https:\/\/www.auil.cl\/new\/wp-json\/wp\/v2\/pages"}],"about":[{"href":"https:\/\/www.auil.cl\/new\/wp-json\/wp\/v2\/types\/page"}],"author":[{"embeddable":true,"href":"https:\/\/www.auil.cl\/new\/wp-json\/wp\/v2\/users\/3"}],"replies":[{"embeddable":true,"href":"https:\/\/www.auil.cl\/new\/wp-json\/wp\/v2\/comments?post=631"}],"version-history":[{"count":10,"href":"https:\/\/www.auil.cl\/new\/wp-json\/wp\/v2\/pages\/631\/revisions"}],"predecessor-version":[{"id":1081,"href":"https:\/\/www.auil.cl\/new\/wp-json\/wp\/v2\/pages\/631\/revisions\/1081"}],"up":[{"embeddable":true,"href":"https:\/\/www.auil.cl\/new\/wp-json\/wp\/v2\/pages\/614"}],"wp:attachment":[{"href":"https:\/\/www.auil.cl\/new\/wp-json\/wp\/v2\/media?parent=631"}],"curies":[{"name":"wp","href":"https:\/\/api.w.org\/{rel}","templated":true}]}}